{"id":327,"date":"2020-11-26T16:30:45","date_gmt":"2020-11-26T16:30:45","guid":{"rendered":"http:\/\/eto-park-hotel.ms.decms.eu\/?page_id=327"},"modified":"2020-12-16T11:30:17","modified_gmt":"2020-12-16T11:30:17","slug":"hotel","status":"publish","type":"page","link":"https:\/\/hoteletopark.hu\/de\/hotel\/","title":{"rendered":"Hotel"},"content":{"rendered":"<p>Das ETO PARK HOTEL ****Superior Business &amp; Stadium, Gy\u0151r liegt nur wenige Minuten weit von der Stadtmitte.<\/p>\n<p>Durch Ihr Design, ihre Ausstattung und Ihren Service kann es \u00fcberall punkten \u2013 egal, ob man beruflich unterwegs ist oder Urlaub macht. In einem Business Hotel kann mehr erwartet werden als in einem Standard Hotel. Die Zimmer und die Zimmerausstattung sind in Regel als hochwertiger und stellenweise auch luxuri\u00f6ser zu bezeichnen als in Standardhotels.<\/p>\n<p>Das Hotel bietet aber auch einen idealen Hintergrund f\u00fcr gesch\u00e4ftliche oder betriebliche Veranstaltungen, egal ob es sich um betriebliche Fortbildungen oder Konferenzen handelt. Die R\u00e4umlichkeiten sind darauf ausgelegt. Sie k\u00f6nnen mit Tagungsr\u00e4umen, Konferenzr\u00e4umen und Seminarr\u00e4umen dienen. Die umfassende Verpflegung mit Essen und Getr\u00e4nken w\u00e4hrend dieser Veranstaltungen ist f\u00fcr alle Teilnehmer gew\u00e4hrleistet.<\/p>\n<p>Neben dem umfassenden Standard Service bietet das ETO Park Hotel ****Superior Business &amp; Stadium gerade f\u00fcr Gesch\u00e4ftsleute noch zus\u00e4tzliche Dienstleistungen. So ist ein Internetanschluss Pflicht, da gesch\u00e4ftliche Kunden immer die M\u00f6glichkeit haben m\u00fcssen, Emails oder Internet zu nutzen. Ebenso werden auch die Serviceleistungen ganz den Anspr\u00fcchen der G\u00e4ste angepasst.<\/p>\n","protected":false},"excerpt":{"rendered":"<p>Das ETO PARK HOTEL ****Superior Business &amp; Stadium, Gy\u0151r liegt nur wenige Minuten weit von der Stadtmitte. Durch Ihr Design, ihre Ausstattung und Ihren Service kann es \u00fcberall punkten \u2013 egal, ob man beruflich unterwegs ist oder Urlaub macht. In einem Business Hotel kann mehr erwartet werden als in einem Standard Hotel. Die Zimmer und [&hellip;]<\/p>\n","protected":false},"author":4,"featured_media":298,"parent":0,"menu_order":10,"comment_status":"closed","ping_status":"closed","template":"","meta":{"footnotes":""},"class_list":["post-327","page","type-page","status-publish","has-post-thumbnail","hentry"],"yoast_head":"<!-- This site is optimized with the Yoast SEO plugin v26.9 - https:\/\/yoast.com\/product\/yoast-seo-wordpress\/ -->\n<title>Hotel - Eto Park Hotel<\/title>\n<meta name=\"description\" content=\"Das ETO PARK HOTEL ****Superior Business &amp; Stadium, Gy\u0151r liegt nur wenige Minuten weit von der Stadtmitte.  Durch Ihr Design, ihre Ausstattung und Ihren Service kann es \u00fcberall punkten \u2013 egal, ob man beruflich unterwegs ist oder Urlaub macht. In einem Business Hotel kann mehr erwartet werden als in einem Standard Hotel\" \/>\n<meta name=\"robots\" content=\"index, follow, max-snippet:-1, max-image-preview:large, max-video-preview:-1\" \/>\n<link rel=\"canonical\" href=\"https:\/\/hoteletopark.hu\/de\/hotel\/\" \/>\n<meta property=\"og:locale\" content=\"de_DE\" \/>\n<meta property=\"og:type\" content=\"article\" \/>\n<meta property=\"og:title\" content=\"Hotel - Eto Park Hotel\" \/>\n<meta property=\"og:description\" content=\"Das ETO PARK HOTEL ****Superior Business &amp; Stadium, Gy\u0151r liegt nur wenige Minuten weit von der Stadtmitte.  Durch Ihr Design, ihre Ausstattung und Ihren Service kann es \u00fcberall punkten \u2013 egal, ob man beruflich unterwegs ist oder Urlaub macht. In einem Business Hotel kann mehr erwartet werden als in einem Standard Hotel\" \/>\n<meta property=\"og:url\" content=\"https:\/\/hoteletopark.hu\/de\/hotel\/\" \/>\n<meta property=\"og:site_name\" content=\"Eto Park Hotel\" \/>\n<meta property=\"article:modified_time\" content=\"2020-12-16T11:30:17+00:00\" \/>\n<meta property=\"og:image\" content=\"https:\/\/hoteletopark.hu\/wp-content\/uploads\/sites\/214\/2020\/11\/Hotel-Lobby-10-1.jpeg\" \/>\n\t<meta property=\"og:image:width\" content=\"1986\" \/>\n\t<meta property=\"og:image:height\" content=\"1200\" \/>\n\t<meta property=\"og:image:type\" content=\"image\/jpeg\" \/>\n<meta name=\"twitter:card\" content=\"summary_large_image\" \/>\n<meta name=\"twitter:label1\" content=\"Gesch\u00e4tzte Lesezeit\" \/>\n\t<meta name=\"twitter:data1\" content=\"1 Minute\" \/>\n<script type=\"application\/ld+json\" class=\"yoast-schema-graph\">{\"@context\":\"https:\/\/schema.org\",\"@graph\":[{\"@type\":\"WebPage\",\"@id\":\"https:\/\/hoteletopark.hu\/de\/hotel\/\",\"url\":\"https:\/\/hoteletopark.hu\/de\/hotel\/\",\"name\":\"Hotel - Eto Park Hotel\",\"isPartOf\":{\"@id\":\"https:\/\/hoteletopark.hu\/de\/#website\"},\"primaryImageOfPage\":{\"@id\":\"https:\/\/hoteletopark.hu\/de\/hotel\/#primaryimage\"},\"image\":{\"@id\":\"https:\/\/hoteletopark.hu\/de\/hotel\/#primaryimage\"},\"thumbnailUrl\":\"https:\/\/hoteletopark.hu\/wp-content\/uploads\/sites\/214\/2020\/11\/Hotel-Lobby-10-1.jpeg\",\"datePublished\":\"2020-11-26T16:30:45+00:00\",\"dateModified\":\"2020-12-16T11:30:17+00:00\",\"description\":\"Das ETO PARK HOTEL ****Superior Business &amp; Stadium, Gy\u0151r liegt nur wenige Minuten weit von der Stadtmitte. Durch Ihr Design, ihre Ausstattung und Ihren Service kann es \u00fcberall punkten \u2013 egal, ob man beruflich unterwegs ist oder Urlaub macht. In einem Business Hotel kann mehr erwartet werden als in einem Standard Hotel\",\"breadcrumb\":{\"@id\":\"https:\/\/hoteletopark.hu\/de\/hotel\/#breadcrumb\"},\"inLanguage\":\"de-DE\",\"potentialAction\":[{\"@type\":\"ReadAction\",\"target\":[\"https:\/\/hoteletopark.hu\/de\/hotel\/\"]}]},{\"@type\":\"ImageObject\",\"inLanguage\":\"de-DE\",\"@id\":\"https:\/\/hoteletopark.hu\/de\/hotel\/#primaryimage\",\"url\":\"https:\/\/hoteletopark.hu\/wp-content\/uploads\/sites\/214\/2020\/11\/Hotel-Lobby-10-1.jpeg\",\"contentUrl\":\"https:\/\/hoteletopark.hu\/wp-content\/uploads\/sites\/214\/2020\/11\/Hotel-Lobby-10-1.jpeg\",\"width\":1986,\"height\":1200},{\"@type\":\"BreadcrumbList\",\"@id\":\"https:\/\/hoteletopark.hu\/de\/hotel\/#breadcrumb\",\"itemListElement\":[{\"@type\":\"ListItem\",\"position\":1,\"name\":\"Home\",\"item\":\"https:\/\/hoteletopark.hu\/de\/\"},{\"@type\":\"ListItem\",\"position\":2,\"name\":\"Hotel\"}]},{\"@type\":\"WebSite\",\"@id\":\"https:\/\/hoteletopark.hu\/de\/#website\",\"url\":\"https:\/\/hoteletopark.hu\/de\/\",\"name\":\"Eto Park Hotel\",\"description\":\"Just another ms.decms.eu site\",\"potentialAction\":[{\"@type\":\"SearchAction\",\"target\":{\"@type\":\"EntryPoint\",\"urlTemplate\":\"https:\/\/hoteletopark.hu\/de\/?s={search_term_string}\"},\"query-input\":{\"@type\":\"PropertyValueSpecification\",\"valueRequired\":true,\"valueName\":\"search_term_string\"}}],\"inLanguage\":\"de-DE\"}]}<\/script>\n<!-- \/ Yoast SEO plugin. -->","yoast_head_json":{"title":"Hotel - Eto Park Hotel","description":"Das ETO PARK HOTEL ****Superior Business &amp; Stadium, Gy\u0151r liegt nur wenige Minuten weit von der Stadtmitte.  Durch Ihr Design, ihre Ausstattung und Ihren Service kann es \u00fcberall punkten \u2013 egal, ob man beruflich unterwegs ist oder Urlaub macht. In einem Business Hotel kann mehr erwartet werden als in einem Standard Hotel","robots":{"index":"index","follow":"follow","max-snippet":"max-snippet:-1","max-image-preview":"max-image-preview:large","max-video-preview":"max-video-preview:-1"},"canonical":"https:\/\/hoteletopark.hu\/de\/hotel\/","og_locale":"de_DE","og_type":"article","og_title":"Hotel - Eto Park Hotel","og_description":"Das ETO PARK HOTEL ****Superior Business &amp; Stadium, Gy\u0151r liegt nur wenige Minuten weit von der Stadtmitte.  Durch Ihr Design, ihre Ausstattung und Ihren Service kann es \u00fcberall punkten \u2013 egal, ob man beruflich unterwegs ist oder Urlaub macht. In einem Business Hotel kann mehr erwartet werden als in einem Standard Hotel","og_url":"https:\/\/hoteletopark.hu\/de\/hotel\/","og_site_name":"Eto Park Hotel","article_modified_time":"2020-12-16T11:30:17+00:00","og_image":[{"width":1986,"height":1200,"url":"https:\/\/hoteletopark.hu\/wp-content\/uploads\/sites\/214\/2020\/11\/Hotel-Lobby-10-1.jpeg","type":"image\/jpeg"}],"twitter_card":"summary_large_image","twitter_misc":{"Gesch\u00e4tzte Lesezeit":"1 Minute"},"schema":{"@context":"https:\/\/schema.org","@graph":[{"@type":"WebPage","@id":"https:\/\/hoteletopark.hu\/de\/hotel\/","url":"https:\/\/hoteletopark.hu\/de\/hotel\/","name":"Hotel - Eto Park Hotel","isPartOf":{"@id":"https:\/\/hoteletopark.hu\/de\/#website"},"primaryImageOfPage":{"@id":"https:\/\/hoteletopark.hu\/de\/hotel\/#primaryimage"},"image":{"@id":"https:\/\/hoteletopark.hu\/de\/hotel\/#primaryimage"},"thumbnailUrl":"https:\/\/hoteletopark.hu\/wp-content\/uploads\/sites\/214\/2020\/11\/Hotel-Lobby-10-1.jpeg","datePublished":"2020-11-26T16:30:45+00:00","dateModified":"2020-12-16T11:30:17+00:00","description":"Das ETO PARK HOTEL ****Superior Business &amp; Stadium, Gy\u0151r liegt nur wenige Minuten weit von der Stadtmitte. Durch Ihr Design, ihre Ausstattung und Ihren Service kann es \u00fcberall punkten \u2013 egal, ob man beruflich unterwegs ist oder Urlaub macht. In einem Business Hotel kann mehr erwartet werden als in einem Standard Hotel","breadcrumb":{"@id":"https:\/\/hoteletopark.hu\/de\/hotel\/#breadcrumb"},"inLanguage":"de-DE","potentialAction":[{"@type":"ReadAction","target":["https:\/\/hoteletopark.hu\/de\/hotel\/"]}]},{"@type":"ImageObject","inLanguage":"de-DE","@id":"https:\/\/hoteletopark.hu\/de\/hotel\/#primaryimage","url":"https:\/\/hoteletopark.hu\/wp-content\/uploads\/sites\/214\/2020\/11\/Hotel-Lobby-10-1.jpeg","contentUrl":"https:\/\/hoteletopark.hu\/wp-content\/uploads\/sites\/214\/2020\/11\/Hotel-Lobby-10-1.jpeg","width":1986,"height":1200},{"@type":"BreadcrumbList","@id":"https:\/\/hoteletopark.hu\/de\/hotel\/#breadcrumb","itemListElement":[{"@type":"ListItem","position":1,"name":"Home","item":"https:\/\/hoteletopark.hu\/de\/"},{"@type":"ListItem","position":2,"name":"Hotel"}]},{"@type":"WebSite","@id":"https:\/\/hoteletopark.hu\/de\/#website","url":"https:\/\/hoteletopark.hu\/de\/","name":"Eto Park Hotel","description":"Just another ms.decms.eu site","potentialAction":[{"@type":"SearchAction","target":{"@type":"EntryPoint","urlTemplate":"https:\/\/hoteletopark.hu\/de\/?s={search_term_string}"},"query-input":{"@type":"PropertyValueSpecification","valueRequired":true,"valueName":"search_term_string"}}],"inLanguage":"de-DE"}]}},"acf":[],"_links":{"self":[{"href":"https:\/\/hoteletopark.hu\/de\/wp-json\/wp\/v2\/pages\/327","targetHints":{"allow":["GET"]}}],"collection":[{"href":"https:\/\/hoteletopark.hu\/de\/wp-json\/wp\/v2\/pages"}],"about":[{"href":"https:\/\/hoteletopark.hu\/de\/wp-json\/wp\/v2\/types\/page"}],"author":[{"embeddable":true,"href":"https:\/\/hoteletopark.hu\/de\/wp-json\/wp\/v2\/users\/4"}],"replies":[{"embeddable":true,"href":"https:\/\/hoteletopark.hu\/de\/wp-json\/wp\/v2\/comments?post=327"}],"version-history":[{"count":0,"href":"https:\/\/hoteletopark.hu\/de\/wp-json\/wp\/v2\/pages\/327\/revisions"}],"wp:featuredmedia":[{"embeddable":true,"href":"https:\/\/hoteletopark.hu\/de\/wp-json\/wp\/v2\/media\/298"}],"wp:attachment":[{"href":"https:\/\/hoteletopark.hu\/de\/wp-json\/wp\/v2\/media?parent=327"}],"curies":[{"name":"wp","href":"https:\/\/api.w.org\/{rel}","templated":true}]}}