{"id":330,"date":"2020-11-26T17:08:01","date_gmt":"2020-11-26T17:08:01","guid":{"rendered":"http:\/\/eto-park-hotel.ms.decms.eu\/?page_id=330"},"modified":"2026-02-13T14:46:39","modified_gmt":"2026-02-13T14:46:39","slug":"nuetzliche-informationen","status":"publish","type":"page","link":"https:\/\/hoteletopark.hu\/de\/hotel\/nuetzliche-informationen\/","title":{"rendered":"N\u00fctzliche Informationen"},"content":{"rendered":"<p><b>Steuer:<\/b><\/p>\n<p>Mehrwertsteuer ist im Preis inbegriffen. Falls sich das Steuergesetz ver\u00e4ndert, wird der Preis ohne Voranmeldung ge\u00e4ndert.<\/p>\n<p><b>Kurtaxe (IFA):<\/b><\/p>\n<p>Die angegebene Preise beinhalten keine Kurtaxe, die vor Ort zu bezahlen ist.<br \/>\nKurtaxe ist HUF 450,- \/Erwachsene \u00fcber 18 Jahre \/ Nacht<\/p>\n<p><b>Ankunft \u2013 Abreise:<\/b><\/p>\n<p>Check in: 14:00<br \/>\nCheck out: 11:00 Check out f\u00fcr Gruppen: 10:00<\/p>\n<p>Fr\u00fchere Ankunft und sp\u00e4tere Abreise ist m\u00f6glich abh\u00e4ngig der Hotelbelegung Wenn der Gast das Zimmer vor 7:00 belegen m\u00f6chte, wird der Preis der vorherigen Nacht gerechnet.<\/p>\n<p><b>Preis der sp\u00e4ten Abreise:<\/b><\/p>\n<ul>\n<li>nach 11:00: EUR 7,- \/ Stunde<\/li>\n<li>nach 17:00: Preis einer vollen Nacht<\/li>\n<\/ul>\n<p>Gep\u00e4ckraum steht den G\u00e4sten zur Verf\u00fcgung.<\/p>\n<p><b>Gastronomie:<\/b><\/p>\n<p>Im Fall von Halb- oder Vollpension k\u00f6nnen unsere G\u00e4ste A\u2019la Carte von der Men\u00fckarte bestellen. Abendessen ist im Narrabo Restaurant jedem Tag von 18:00 bis 23:00.<\/p>\n<p><b>Internet:<\/b><\/p>\n<p>Highspeed-Internet (WLAN) ist im ganzen Hotel zu erreichen.<\/p>\n<p><b>Parken:<\/b><\/p>\n<p>Freies Parken f\u00fcr die Hotelg\u00e4ste in dem mit Kamera gewachten Parkplatz.<\/p>\n<p><b>Gep\u00e4ckraum:<\/b><\/p>\n<p>Gep\u00e4ckraum steht den G\u00e4sten kostenlos zur Verf\u00fcgung.<\/p>\n<p><strong>Zuschlag f\u00fcr die Unterbringung von Haustieren<\/strong><\/p>\n<p>Kleine Haustiere (unter 20 kg): <strong>10.000 HUF \/ Nacht \/ Haustier <\/strong><\/p>\n<p>Haustiere \u00fcber 20 kg: <strong>20.000 HUF \/ Nacht \/ Haustier<\/strong><\/p>\n","protected":false},"excerpt":{"rendered":"<p>Steuer: Mehrwertsteuer ist im Preis inbegriffen. Falls sich das Steuergesetz ver\u00e4ndert, wird der Preis ohne Voranmeldung ge\u00e4ndert. Kurtaxe (IFA): Die angegebene Preise beinhalten keine Kurtaxe, die vor Ort zu bezahlen ist. Kurtaxe ist HUF 450,- \/Erwachsene \u00fcber 18 Jahre \/ Nacht Ankunft \u2013 Abreise: Check in: 14:00 Check out: 11:00 Check out f\u00fcr Gruppen: 10:00 [&hellip;]<\/p>\n","protected":false},"author":4,"featured_media":63,"parent":327,"menu_order":10,"comment_status":"closed","ping_status":"closed","template":"template-default-2.php","meta":{"footnotes":""},"class_list":["post-330","page","type-page","status-publish","has-post-thumbnail","hentry"],"yoast_head":"<!-- This site is optimized with the Yoast SEO plugin v26.9 - https:\/\/yoast.com\/product\/yoast-seo-wordpress\/ -->\n<title>N\u00fctzliche Informationen - Eto Park Hotel<\/title>\n<meta name=\"description\" content=\"Steuer:  Mehrwertsteuer ist im Preis inbegriffen. Falls sich das Steuergesetz ver\u00e4ndert, wird der Preis ohne Voranmeldung ge\u00e4ndert.  Kurtaxe (IFA):  Die angegebene Preise beinhalten keine Kurtaxe, die vor Ort zu bezahlen ist. Kurtaxe ist HUF 450,- \/Erwachsene \u00fcber 18 Jahre \/ Nacht  Ankunft \u2013 Abreise:  Check in: 14:00 Check out: 11:00 Check out f\u00fcr Gruppen: 10:00  Fr\u00fchere Ankunft und sp\u00e4tere Abreise ist m\u00f6glich abh\u00e4ngig der Hotelbelegung Wenn der Gast das Zimmer vor 7:00 belegen m\u00f6chte, wird der Preis der vorherigen Nacht gerechnet.  Preis der sp\u00e4ten Abreise:   nach 11:00: EUR 7,- \/ Stunde  nach 17:00: Preis einer vollen Nacht  Gep\u00e4ckraum steht den G\u00e4sten zur Verf\u00fcgung.  Gastronomie:  Im Fall von Halb- oder Vollpension k\u00f6nnen unsere G\u00e4ste A\u2019la Carte von der Men\u00fckarte bestellen\" \/>\n<meta name=\"robots\" content=\"index, follow, max-snippet:-1, max-image-preview:large, max-video-preview:-1\" \/>\n<link rel=\"canonical\" href=\"https:\/\/hoteletopark.hu\/de\/hotel\/nuetzliche-informationen\/\" \/>\n<meta property=\"og:locale\" content=\"de_DE\" \/>\n<meta property=\"og:type\" content=\"article\" \/>\n<meta property=\"og:title\" content=\"N\u00fctzliche Informationen - Eto Park Hotel\" \/>\n<meta property=\"og:description\" content=\"Steuer:  Mehrwertsteuer ist im Preis inbegriffen. Falls sich das Steuergesetz ver\u00e4ndert, wird der Preis ohne Voranmeldung ge\u00e4ndert.  Kurtaxe (IFA):  Die angegebene Preise beinhalten keine Kurtaxe, die vor Ort zu bezahlen ist. Kurtaxe ist HUF 450,- \/Erwachsene \u00fcber 18 Jahre \/ Nacht  Ankunft \u2013 Abreise:  Check in: 14:00 Check out: 11:00 Check out f\u00fcr Gruppen: 10:00  Fr\u00fchere Ankunft und sp\u00e4tere Abreise ist m\u00f6glich abh\u00e4ngig der Hotelbelegung Wenn der Gast das Zimmer vor 7:00 belegen m\u00f6chte, wird der Preis der vorherigen Nacht gerechnet.  Preis der sp\u00e4ten Abreise:   nach 11:00: EUR 7,- \/ Stunde  nach 17:00: Preis einer vollen Nacht  Gep\u00e4ckraum steht den G\u00e4sten zur Verf\u00fcgung.  Gastronomie:  Im Fall von Halb- oder Vollpension k\u00f6nnen unsere G\u00e4ste A\u2019la Carte von der Men\u00fckarte bestellen\" \/>\n<meta property=\"og:url\" content=\"https:\/\/hoteletopark.hu\/de\/hotel\/nuetzliche-informationen\/\" \/>\n<meta property=\"og:site_name\" content=\"Eto Park Hotel\" \/>\n<meta property=\"article:modified_time\" content=\"2026-02-13T14:46:39+00:00\" \/>\n<meta property=\"og:image\" content=\"https:\/\/hoteletopark.hu\/wp-content\/uploads\/sites\/214\/2020\/11\/Business-Executive-suite-15.jpeg\" \/>\n\t<meta property=\"og:image:width\" content=\"1847\" \/>\n\t<meta property=\"og:image:height\" content=\"1200\" \/>\n\t<meta property=\"og:image:type\" content=\"image\/jpeg\" \/>\n<meta name=\"twitter:card\" content=\"summary_large_image\" \/>\n<meta name=\"twitter:label1\" content=\"Gesch\u00e4tzte Lesezeit\" \/>\n\t<meta name=\"twitter:data1\" content=\"2 Minuten\" \/>\n<script type=\"application\/ld+json\" class=\"yoast-schema-graph\">{\"@context\":\"https:\/\/schema.org\",\"@graph\":[{\"@type\":\"WebPage\",\"@id\":\"https:\/\/hoteletopark.hu\/de\/hotel\/nuetzliche-informationen\/\",\"url\":\"https:\/\/hoteletopark.hu\/de\/hotel\/nuetzliche-informationen\/\",\"name\":\"N\u00fctzliche Informationen - Eto Park Hotel\",\"isPartOf\":{\"@id\":\"https:\/\/hoteletopark.hu\/de\/#website\"},\"primaryImageOfPage\":{\"@id\":\"https:\/\/hoteletopark.hu\/de\/hotel\/nuetzliche-informationen\/#primaryimage\"},\"image\":{\"@id\":\"https:\/\/hoteletopark.hu\/de\/hotel\/nuetzliche-informationen\/#primaryimage\"},\"thumbnailUrl\":\"https:\/\/hoteletopark.hu\/wp-content\/uploads\/sites\/214\/2020\/11\/Business-Executive-suite-15.jpeg\",\"datePublished\":\"2020-11-26T17:08:01+00:00\",\"dateModified\":\"2026-02-13T14:46:39+00:00\",\"description\":\"Steuer: Mehrwertsteuer ist im Preis inbegriffen. Falls sich das Steuergesetz ver\u00e4ndert, wird der Preis ohne Voranmeldung ge\u00e4ndert. Kurtaxe (IFA): Die angegebene Preise beinhalten keine Kurtaxe, die vor Ort zu bezahlen ist. Kurtaxe ist HUF 450,- \/Erwachsene \u00fcber 18 Jahre \/ Nacht Ankunft \u2013 Abreise: Check in: 14:00 Check out: 11:00 Check out f\u00fcr Gruppen: 10:00 Fr\u00fchere Ankunft und sp\u00e4tere Abreise ist m\u00f6glich abh\u00e4ngig der Hotelbelegung Wenn der Gast das Zimmer vor 7:00 belegen m\u00f6chte, wird der Preis der vorherigen Nacht gerechnet. Preis der sp\u00e4ten Abreise: \u2022 nach 11:00: EUR 7,- \/ Stunde \u2022 nach 17:00: Preis einer vollen Nacht Gep\u00e4ckraum steht den G\u00e4sten zur Verf\u00fcgung. Gastronomie: Im Fall von Halb- oder Vollpension k\u00f6nnen unsere G\u00e4ste A\u2019la Carte von der Men\u00fckarte bestellen\",\"breadcrumb\":{\"@id\":\"https:\/\/hoteletopark.hu\/de\/hotel\/nuetzliche-informationen\/#breadcrumb\"},\"inLanguage\":\"de-DE\",\"potentialAction\":[{\"@type\":\"ReadAction\",\"target\":[\"https:\/\/hoteletopark.hu\/de\/hotel\/nuetzliche-informationen\/\"]}]},{\"@type\":\"ImageObject\",\"inLanguage\":\"de-DE\",\"@id\":\"https:\/\/hoteletopark.hu\/de\/hotel\/nuetzliche-informationen\/#primaryimage\",\"url\":\"https:\/\/hoteletopark.hu\/wp-content\/uploads\/sites\/214\/2020\/11\/Business-Executive-suite-15.jpeg\",\"contentUrl\":\"https:\/\/hoteletopark.hu\/wp-content\/uploads\/sites\/214\/2020\/11\/Business-Executive-suite-15.jpeg\",\"width\":1847,\"height\":1200},{\"@type\":\"BreadcrumbList\",\"@id\":\"https:\/\/hoteletopark.hu\/de\/hotel\/nuetzliche-informationen\/#breadcrumb\",\"itemListElement\":[{\"@type\":\"ListItem\",\"position\":1,\"name\":\"Home\",\"item\":\"https:\/\/hoteletopark.hu\/de\/\"},{\"@type\":\"ListItem\",\"position\":2,\"name\":\"Hotel\",\"item\":\"https:\/\/hoteletopark.hu\/de\/hotel\/\"},{\"@type\":\"ListItem\",\"position\":3,\"name\":\"N\u00fctzliche Informationen\"}]},{\"@type\":\"WebSite\",\"@id\":\"https:\/\/hoteletopark.hu\/de\/#website\",\"url\":\"https:\/\/hoteletopark.hu\/de\/\",\"name\":\"Eto Park Hotel\",\"description\":\"Just another ms.decms.eu site\",\"potentialAction\":[{\"@type\":\"SearchAction\",\"target\":{\"@type\":\"EntryPoint\",\"urlTemplate\":\"https:\/\/hoteletopark.hu\/de\/?s={search_term_string}\"},\"query-input\":{\"@type\":\"PropertyValueSpecification\",\"valueRequired\":true,\"valueName\":\"search_term_string\"}}],\"inLanguage\":\"de-DE\"}]}<\/script>\n<!-- \/ Yoast SEO plugin. -->","yoast_head_json":{"title":"N\u00fctzliche Informationen - Eto Park Hotel","description":"Steuer:  Mehrwertsteuer ist im Preis inbegriffen. Falls sich das Steuergesetz ver\u00e4ndert, wird der Preis ohne Voranmeldung ge\u00e4ndert.  Kurtaxe (IFA):  Die angegebene Preise beinhalten keine Kurtaxe, die vor Ort zu bezahlen ist. Kurtaxe ist HUF 450,- \/Erwachsene \u00fcber 18 Jahre \/ Nacht  Ankunft \u2013 Abreise:  Check in: 14:00 Check out: 11:00 Check out f\u00fcr Gruppen: 10:00  Fr\u00fchere Ankunft und sp\u00e4tere Abreise ist m\u00f6glich abh\u00e4ngig der Hotelbelegung Wenn der Gast das Zimmer vor 7:00 belegen m\u00f6chte, wird der Preis der vorherigen Nacht gerechnet.  Preis der sp\u00e4ten Abreise:   nach 11:00: EUR 7,- \/ Stunde  nach 17:00: Preis einer vollen Nacht  Gep\u00e4ckraum steht den G\u00e4sten zur Verf\u00fcgung.  Gastronomie:  Im Fall von Halb- oder Vollpension k\u00f6nnen unsere G\u00e4ste A\u2019la Carte von der Men\u00fckarte bestellen","robots":{"index":"index","follow":"follow","max-snippet":"max-snippet:-1","max-image-preview":"max-image-preview:large","max-video-preview":"max-video-preview:-1"},"canonical":"https:\/\/hoteletopark.hu\/de\/hotel\/nuetzliche-informationen\/","og_locale":"de_DE","og_type":"article","og_title":"N\u00fctzliche Informationen - Eto Park Hotel","og_description":"Steuer:  Mehrwertsteuer ist im Preis inbegriffen. Falls sich das Steuergesetz ver\u00e4ndert, wird der Preis ohne Voranmeldung ge\u00e4ndert.  Kurtaxe (IFA):  Die angegebene Preise beinhalten keine Kurtaxe, die vor Ort zu bezahlen ist. Kurtaxe ist HUF 450,- \/Erwachsene \u00fcber 18 Jahre \/ Nacht  Ankunft \u2013 Abreise:  Check in: 14:00 Check out: 11:00 Check out f\u00fcr Gruppen: 10:00  Fr\u00fchere Ankunft und sp\u00e4tere Abreise ist m\u00f6glich abh\u00e4ngig der Hotelbelegung Wenn der Gast das Zimmer vor 7:00 belegen m\u00f6chte, wird der Preis der vorherigen Nacht gerechnet.  Preis der sp\u00e4ten Abreise:   nach 11:00: EUR 7,- \/ Stunde  nach 17:00: Preis einer vollen Nacht  Gep\u00e4ckraum steht den G\u00e4sten zur Verf\u00fcgung.  Gastronomie:  Im Fall von Halb- oder Vollpension k\u00f6nnen unsere G\u00e4ste A\u2019la Carte von der Men\u00fckarte bestellen","og_url":"https:\/\/hoteletopark.hu\/de\/hotel\/nuetzliche-informationen\/","og_site_name":"Eto Park Hotel","article_modified_time":"2026-02-13T14:46:39+00:00","og_image":[{"width":1847,"height":1200,"url":"https:\/\/hoteletopark.hu\/wp-content\/uploads\/sites\/214\/2020\/11\/Business-Executive-suite-15.jpeg","type":"image\/jpeg"}],"twitter_card":"summary_large_image","twitter_misc":{"Gesch\u00e4tzte Lesezeit":"2 Minuten"},"schema":{"@context":"https:\/\/schema.org","@graph":[{"@type":"WebPage","@id":"https:\/\/hoteletopark.hu\/de\/hotel\/nuetzliche-informationen\/","url":"https:\/\/hoteletopark.hu\/de\/hotel\/nuetzliche-informationen\/","name":"N\u00fctzliche Informationen - Eto Park Hotel","isPartOf":{"@id":"https:\/\/hoteletopark.hu\/de\/#website"},"primaryImageOfPage":{"@id":"https:\/\/hoteletopark.hu\/de\/hotel\/nuetzliche-informationen\/#primaryimage"},"image":{"@id":"https:\/\/hoteletopark.hu\/de\/hotel\/nuetzliche-informationen\/#primaryimage"},"thumbnailUrl":"https:\/\/hoteletopark.hu\/wp-content\/uploads\/sites\/214\/2020\/11\/Business-Executive-suite-15.jpeg","datePublished":"2020-11-26T17:08:01+00:00","dateModified":"2026-02-13T14:46:39+00:00","description":"Steuer: Mehrwertsteuer ist im Preis inbegriffen. Falls sich das Steuergesetz ver\u00e4ndert, wird der Preis ohne Voranmeldung ge\u00e4ndert. Kurtaxe (IFA): Die angegebene Preise beinhalten keine Kurtaxe, die vor Ort zu bezahlen ist. Kurtaxe ist HUF 450,- \/Erwachsene \u00fcber 18 Jahre \/ Nacht Ankunft \u2013 Abreise: Check in: 14:00 Check out: 11:00 Check out f\u00fcr Gruppen: 10:00 Fr\u00fchere Ankunft und sp\u00e4tere Abreise ist m\u00f6glich abh\u00e4ngig der Hotelbelegung Wenn der Gast das Zimmer vor 7:00 belegen m\u00f6chte, wird der Preis der vorherigen Nacht gerechnet. Preis der sp\u00e4ten Abreise: \u2022 nach 11:00: EUR 7,- \/ Stunde \u2022 nach 17:00: Preis einer vollen Nacht Gep\u00e4ckraum steht den G\u00e4sten zur Verf\u00fcgung. Gastronomie: Im Fall von Halb- oder Vollpension k\u00f6nnen unsere G\u00e4ste A\u2019la Carte von der Men\u00fckarte bestellen","breadcrumb":{"@id":"https:\/\/hoteletopark.hu\/de\/hotel\/nuetzliche-informationen\/#breadcrumb"},"inLanguage":"de-DE","potentialAction":[{"@type":"ReadAction","target":["https:\/\/hoteletopark.hu\/de\/hotel\/nuetzliche-informationen\/"]}]},{"@type":"ImageObject","inLanguage":"de-DE","@id":"https:\/\/hoteletopark.hu\/de\/hotel\/nuetzliche-informationen\/#primaryimage","url":"https:\/\/hoteletopark.hu\/wp-content\/uploads\/sites\/214\/2020\/11\/Business-Executive-suite-15.jpeg","contentUrl":"https:\/\/hoteletopark.hu\/wp-content\/uploads\/sites\/214\/2020\/11\/Business-Executive-suite-15.jpeg","width":1847,"height":1200},{"@type":"BreadcrumbList","@id":"https:\/\/hoteletopark.hu\/de\/hotel\/nuetzliche-informationen\/#breadcrumb","itemListElement":[{"@type":"ListItem","position":1,"name":"Home","item":"https:\/\/hoteletopark.hu\/de\/"},{"@type":"ListItem","position":2,"name":"Hotel","item":"https:\/\/hoteletopark.hu\/de\/hotel\/"},{"@type":"ListItem","position":3,"name":"N\u00fctzliche Informationen"}]},{"@type":"WebSite","@id":"https:\/\/hoteletopark.hu\/de\/#website","url":"https:\/\/hoteletopark.hu\/de\/","name":"Eto Park Hotel","description":"Just another ms.decms.eu site","potentialAction":[{"@type":"SearchAction","target":{"@type":"EntryPoint","urlTemplate":"https:\/\/hoteletopark.hu\/de\/?s={search_term_string}"},"query-input":{"@type":"PropertyValueSpecification","valueRequired":true,"valueName":"search_term_string"}}],"inLanguage":"de-DE"}]}},"acf":[],"_links":{"self":[{"href":"https:\/\/hoteletopark.hu\/de\/wp-json\/wp\/v2\/pages\/330","targetHints":{"allow":["GET"]}}],"collection":[{"href":"https:\/\/hoteletopark.hu\/de\/wp-json\/wp\/v2\/pages"}],"about":[{"href":"https:\/\/hoteletopark.hu\/de\/wp-json\/wp\/v2\/types\/page"}],"author":[{"embeddable":true,"href":"https:\/\/hoteletopark.hu\/de\/wp-json\/wp\/v2\/users\/4"}],"replies":[{"embeddable":true,"href":"https:\/\/hoteletopark.hu\/de\/wp-json\/wp\/v2\/comments?post=330"}],"version-history":[{"count":0,"href":"https:\/\/hoteletopark.hu\/de\/wp-json\/wp\/v2\/pages\/330\/revisions"}],"up":[{"embeddable":true,"href":"https:\/\/hoteletopark.hu\/de\/wp-json\/wp\/v2\/pages\/327"}],"wp:featuredmedia":[{"embeddable":true,"href":"https:\/\/hoteletopark.hu\/de\/wp-json\/wp\/v2\/media\/63"}],"wp:attachment":[{"href":"https:\/\/hoteletopark.hu\/de\/wp-json\/wp\/v2\/media?parent=330"}],"curies":[{"name":"wp","href":"https:\/\/api.w.org\/{rel}","templated":true}]}}