{"id":334,"date":"2020-11-27T08:17:50","date_gmt":"2020-11-27T08:17:50","guid":{"rendered":"http:\/\/eto-park-hotel.ms.decms.eu\/?page_id=334"},"modified":"2020-11-27T08:22:10","modified_gmt":"2020-11-27T08:22:10","slug":"buchungs-und-stornierungsbedingungen","status":"publish","type":"page","link":"https:\/\/hoteletopark.hu\/de\/hotel\/buchungs-und-stornierungsbedingungen\/","title":{"rendered":"Buchungs- und Stornierungsbedingungen"},"content":{"rendered":"<p><b>Buchung:<\/b><\/p>\n<p>Wir bitten jede Zimmerbuchung schriftlich zu best\u00e4tigen, worauf unser Hotel eine schriftliche R\u00fcckmeldung schickt.<\/p>\n<p><b>Garantie:<\/b><\/p>\n<p>Die Voraussetzung f\u00fcr eine Zimmerreservierung ist die Garantie bei Vorauszahlung gegen eine Proformarechnung. Bei Vorauszahlung stellen wir f\u00fcr Sie eine Proformarechnung \u00fcber den Zimmerpreis f\u00fcr 1 Nacht aus. Die Best\u00e4tigung wird wirksam, wenn die angeforderte Anzahlung oder Kreditkartengarantie sp\u00e4testens bis zum festgelegten Zeitpunkt eintrifft. Reservieren Sie innerhalb von 24 Stunden vor Ihrer Ankunft, muss der Preis der Reservierung vor der Anreise und der Zimmerbelegung bezahlt werden.<\/p>\n<p><b>Stornierungsbedingungen:<\/b><\/p>\n<p>Jede individuelle Zimmerbuchung kann 2 Tage vor der Ankunft bis 16:00 Uhr kostenlos storniert werden. Bei einer versp\u00e4teten Absage oder nicht storniertem Fernbleiben des Gastes (No Show) wird die Anzahlung vom Hotel als P\u00f6nale betrachtet.<\/p>\n<p>Ausf\u00fchrliche Informationen \u00fcber die allgemeinen Buchungsbedingungen finden Sie hier:<br \/>\nB\u0151vebb inform\u00e1ci\u00f3 az \u00e1ltal\u00e1nos foglal\u00e1si felt\u00e9telekr\u0151l:\u00a0<em>Allgemeine Vertragsbedingungen<\/em>.<\/p>\n","protected":false},"excerpt":{"rendered":"<p>Buchung: Wir bitten jede Zimmerbuchung schriftlich zu best\u00e4tigen, worauf unser Hotel eine schriftliche R\u00fcckmeldung schickt. Garantie: Die Voraussetzung f\u00fcr eine Zimmerreservierung ist die Garantie bei Vorauszahlung gegen eine Proformarechnung. Bei Vorauszahlung stellen wir f\u00fcr Sie eine Proformarechnung \u00fcber den Zimmerpreis f\u00fcr 1 Nacht aus. Die Best\u00e4tigung wird wirksam, wenn die angeforderte Anzahlung oder Kreditkartengarantie sp\u00e4testens [&hellip;]<\/p>\n","protected":false},"author":4,"featured_media":297,"parent":327,"menu_order":20,"comment_status":"closed","ping_status":"closed","template":"template-default-2.php","meta":{"footnotes":""},"class_list":["post-334","page","type-page","status-publish","has-post-thumbnail","hentry"],"yoast_head":"<!-- This site is optimized with the Yoast SEO plugin v26.9 - https:\/\/yoast.com\/product\/yoast-seo-wordpress\/ -->\n<title>Buchungs- und Stornierungsbedingungen - Eto Park Hotel<\/title>\n<meta name=\"description\" content=\"Buchung:  Wir bitten jede Zimmerbuchung schriftlich zu best\u00e4tigen, worauf unser Hotel eine schriftliche R\u00fcckmeldung schickt.  Garantie:  Die Voraussetzung f\u00fcr eine Zimmerreservierung ist die Garantie bei Vorauszahlung gegen eine Proformarechnung. Bei Vorauszahlung stellen wir f\u00fcr Sie eine Proformarechnung \u00fcber den Zimmerpreis f\u00fcr 1 Nacht aus\" \/>\n<meta name=\"robots\" content=\"index, follow, max-snippet:-1, max-image-preview:large, max-video-preview:-1\" \/>\n<link rel=\"canonical\" href=\"https:\/\/hoteletopark.hu\/de\/hotel\/buchungs-und-stornierungsbedingungen\/\" \/>\n<meta property=\"og:locale\" content=\"de_DE\" \/>\n<meta property=\"og:type\" content=\"article\" \/>\n<meta property=\"og:title\" content=\"Buchungs- und Stornierungsbedingungen - Eto Park Hotel\" \/>\n<meta property=\"og:description\" content=\"Buchung:  Wir bitten jede Zimmerbuchung schriftlich zu best\u00e4tigen, worauf unser Hotel eine schriftliche R\u00fcckmeldung schickt.  Garantie:  Die Voraussetzung f\u00fcr eine Zimmerreservierung ist die Garantie bei Vorauszahlung gegen eine Proformarechnung. Bei Vorauszahlung stellen wir f\u00fcr Sie eine Proformarechnung \u00fcber den Zimmerpreis f\u00fcr 1 Nacht aus\" \/>\n<meta property=\"og:url\" content=\"https:\/\/hoteletopark.hu\/de\/hotel\/buchungs-und-stornierungsbedingungen\/\" \/>\n<meta property=\"og:site_name\" content=\"Eto Park Hotel\" \/>\n<meta property=\"article:modified_time\" content=\"2020-11-27T08:22:10+00:00\" \/>\n<meta property=\"og:image\" content=\"https:\/\/hoteletopark.hu\/wp-content\/uploads\/sites\/214\/2020\/11\/Hotel-Lobby-9-1.jpeg\" \/>\n\t<meta property=\"og:image:width\" content=\"1800\" \/>\n\t<meta property=\"og:image:height\" content=\"1200\" \/>\n\t<meta property=\"og:image:type\" content=\"image\/jpeg\" \/>\n<meta name=\"twitter:card\" content=\"summary_large_image\" \/>\n<meta name=\"twitter:label1\" content=\"Gesch\u00e4tzte Lesezeit\" \/>\n\t<meta name=\"twitter:data1\" content=\"1 Minute\" \/>\n<script type=\"application\/ld+json\" class=\"yoast-schema-graph\">{\"@context\":\"https:\/\/schema.org\",\"@graph\":[{\"@type\":\"WebPage\",\"@id\":\"https:\/\/hoteletopark.hu\/de\/hotel\/buchungs-und-stornierungsbedingungen\/\",\"url\":\"https:\/\/hoteletopark.hu\/de\/hotel\/buchungs-und-stornierungsbedingungen\/\",\"name\":\"Buchungs- und Stornierungsbedingungen - Eto Park Hotel\",\"isPartOf\":{\"@id\":\"https:\/\/hoteletopark.hu\/de\/#website\"},\"primaryImageOfPage\":{\"@id\":\"https:\/\/hoteletopark.hu\/de\/hotel\/buchungs-und-stornierungsbedingungen\/#primaryimage\"},\"image\":{\"@id\":\"https:\/\/hoteletopark.hu\/de\/hotel\/buchungs-und-stornierungsbedingungen\/#primaryimage\"},\"thumbnailUrl\":\"https:\/\/hoteletopark.hu\/wp-content\/uploads\/sites\/214\/2020\/11\/Hotel-Lobby-9-1.jpeg\",\"datePublished\":\"2020-11-27T08:17:50+00:00\",\"dateModified\":\"2020-11-27T08:22:10+00:00\",\"description\":\"Buchung: Wir bitten jede Zimmerbuchung schriftlich zu best\u00e4tigen, worauf unser Hotel eine schriftliche R\u00fcckmeldung schickt. Garantie: Die Voraussetzung f\u00fcr eine Zimmerreservierung ist die Garantie bei Vorauszahlung gegen eine Proformarechnung. Bei Vorauszahlung stellen wir f\u00fcr Sie eine Proformarechnung \u00fcber den Zimmerpreis f\u00fcr 1 Nacht aus\",\"breadcrumb\":{\"@id\":\"https:\/\/hoteletopark.hu\/de\/hotel\/buchungs-und-stornierungsbedingungen\/#breadcrumb\"},\"inLanguage\":\"de-DE\",\"potentialAction\":[{\"@type\":\"ReadAction\",\"target\":[\"https:\/\/hoteletopark.hu\/de\/hotel\/buchungs-und-stornierungsbedingungen\/\"]}]},{\"@type\":\"ImageObject\",\"inLanguage\":\"de-DE\",\"@id\":\"https:\/\/hoteletopark.hu\/de\/hotel\/buchungs-und-stornierungsbedingungen\/#primaryimage\",\"url\":\"https:\/\/hoteletopark.hu\/wp-content\/uploads\/sites\/214\/2020\/11\/Hotel-Lobby-9-1.jpeg\",\"contentUrl\":\"https:\/\/hoteletopark.hu\/wp-content\/uploads\/sites\/214\/2020\/11\/Hotel-Lobby-9-1.jpeg\",\"width\":1800,\"height\":1200},{\"@type\":\"BreadcrumbList\",\"@id\":\"https:\/\/hoteletopark.hu\/de\/hotel\/buchungs-und-stornierungsbedingungen\/#breadcrumb\",\"itemListElement\":[{\"@type\":\"ListItem\",\"position\":1,\"name\":\"Home\",\"item\":\"https:\/\/hoteletopark.hu\/de\/\"},{\"@type\":\"ListItem\",\"position\":2,\"name\":\"Hotel\",\"item\":\"https:\/\/hoteletopark.hu\/de\/hotel\/\"},{\"@type\":\"ListItem\",\"position\":3,\"name\":\"Buchungs- und Stornierungsbedingungen\"}]},{\"@type\":\"WebSite\",\"@id\":\"https:\/\/hoteletopark.hu\/de\/#website\",\"url\":\"https:\/\/hoteletopark.hu\/de\/\",\"name\":\"Eto Park Hotel\",\"description\":\"Just another ms.decms.eu site\",\"potentialAction\":[{\"@type\":\"SearchAction\",\"target\":{\"@type\":\"EntryPoint\",\"urlTemplate\":\"https:\/\/hoteletopark.hu\/de\/?s={search_term_string}\"},\"query-input\":{\"@type\":\"PropertyValueSpecification\",\"valueRequired\":true,\"valueName\":\"search_term_string\"}}],\"inLanguage\":\"de-DE\"}]}<\/script>\n<!-- \/ Yoast SEO plugin. -->","yoast_head_json":{"title":"Buchungs- und Stornierungsbedingungen - Eto Park Hotel","description":"Buchung:  Wir bitten jede Zimmerbuchung schriftlich zu best\u00e4tigen, worauf unser Hotel eine schriftliche R\u00fcckmeldung schickt.  Garantie:  Die Voraussetzung f\u00fcr eine Zimmerreservierung ist die Garantie bei Vorauszahlung gegen eine Proformarechnung. Bei Vorauszahlung stellen wir f\u00fcr Sie eine Proformarechnung \u00fcber den Zimmerpreis f\u00fcr 1 Nacht aus","robots":{"index":"index","follow":"follow","max-snippet":"max-snippet:-1","max-image-preview":"max-image-preview:large","max-video-preview":"max-video-preview:-1"},"canonical":"https:\/\/hoteletopark.hu\/de\/hotel\/buchungs-und-stornierungsbedingungen\/","og_locale":"de_DE","og_type":"article","og_title":"Buchungs- und Stornierungsbedingungen - Eto Park Hotel","og_description":"Buchung:  Wir bitten jede Zimmerbuchung schriftlich zu best\u00e4tigen, worauf unser Hotel eine schriftliche R\u00fcckmeldung schickt.  Garantie:  Die Voraussetzung f\u00fcr eine Zimmerreservierung ist die Garantie bei Vorauszahlung gegen eine Proformarechnung. Bei Vorauszahlung stellen wir f\u00fcr Sie eine Proformarechnung \u00fcber den Zimmerpreis f\u00fcr 1 Nacht aus","og_url":"https:\/\/hoteletopark.hu\/de\/hotel\/buchungs-und-stornierungsbedingungen\/","og_site_name":"Eto Park Hotel","article_modified_time":"2020-11-27T08:22:10+00:00","og_image":[{"width":1800,"height":1200,"url":"https:\/\/hoteletopark.hu\/wp-content\/uploads\/sites\/214\/2020\/11\/Hotel-Lobby-9-1.jpeg","type":"image\/jpeg"}],"twitter_card":"summary_large_image","twitter_misc":{"Gesch\u00e4tzte Lesezeit":"1 Minute"},"schema":{"@context":"https:\/\/schema.org","@graph":[{"@type":"WebPage","@id":"https:\/\/hoteletopark.hu\/de\/hotel\/buchungs-und-stornierungsbedingungen\/","url":"https:\/\/hoteletopark.hu\/de\/hotel\/buchungs-und-stornierungsbedingungen\/","name":"Buchungs- und Stornierungsbedingungen - Eto Park Hotel","isPartOf":{"@id":"https:\/\/hoteletopark.hu\/de\/#website"},"primaryImageOfPage":{"@id":"https:\/\/hoteletopark.hu\/de\/hotel\/buchungs-und-stornierungsbedingungen\/#primaryimage"},"image":{"@id":"https:\/\/hoteletopark.hu\/de\/hotel\/buchungs-und-stornierungsbedingungen\/#primaryimage"},"thumbnailUrl":"https:\/\/hoteletopark.hu\/wp-content\/uploads\/sites\/214\/2020\/11\/Hotel-Lobby-9-1.jpeg","datePublished":"2020-11-27T08:17:50+00:00","dateModified":"2020-11-27T08:22:10+00:00","description":"Buchung: Wir bitten jede Zimmerbuchung schriftlich zu best\u00e4tigen, worauf unser Hotel eine schriftliche R\u00fcckmeldung schickt. Garantie: Die Voraussetzung f\u00fcr eine Zimmerreservierung ist die Garantie bei Vorauszahlung gegen eine Proformarechnung. Bei Vorauszahlung stellen wir f\u00fcr Sie eine Proformarechnung \u00fcber den Zimmerpreis f\u00fcr 1 Nacht aus","breadcrumb":{"@id":"https:\/\/hoteletopark.hu\/de\/hotel\/buchungs-und-stornierungsbedingungen\/#breadcrumb"},"inLanguage":"de-DE","potentialAction":[{"@type":"ReadAction","target":["https:\/\/hoteletopark.hu\/de\/hotel\/buchungs-und-stornierungsbedingungen\/"]}]},{"@type":"ImageObject","inLanguage":"de-DE","@id":"https:\/\/hoteletopark.hu\/de\/hotel\/buchungs-und-stornierungsbedingungen\/#primaryimage","url":"https:\/\/hoteletopark.hu\/wp-content\/uploads\/sites\/214\/2020\/11\/Hotel-Lobby-9-1.jpeg","contentUrl":"https:\/\/hoteletopark.hu\/wp-content\/uploads\/sites\/214\/2020\/11\/Hotel-Lobby-9-1.jpeg","width":1800,"height":1200},{"@type":"BreadcrumbList","@id":"https:\/\/hoteletopark.hu\/de\/hotel\/buchungs-und-stornierungsbedingungen\/#breadcrumb","itemListElement":[{"@type":"ListItem","position":1,"name":"Home","item":"https:\/\/hoteletopark.hu\/de\/"},{"@type":"ListItem","position":2,"name":"Hotel","item":"https:\/\/hoteletopark.hu\/de\/hotel\/"},{"@type":"ListItem","position":3,"name":"Buchungs- und Stornierungsbedingungen"}]},{"@type":"WebSite","@id":"https:\/\/hoteletopark.hu\/de\/#website","url":"https:\/\/hoteletopark.hu\/de\/","name":"Eto Park Hotel","description":"Just another ms.decms.eu site","potentialAction":[{"@type":"SearchAction","target":{"@type":"EntryPoint","urlTemplate":"https:\/\/hoteletopark.hu\/de\/?s={search_term_string}"},"query-input":{"@type":"PropertyValueSpecification","valueRequired":true,"valueName":"search_term_string"}}],"inLanguage":"de-DE"}]}},"acf":[],"_links":{"self":[{"href":"https:\/\/hoteletopark.hu\/de\/wp-json\/wp\/v2\/pages\/334","targetHints":{"allow":["GET"]}}],"collection":[{"href":"https:\/\/hoteletopark.hu\/de\/wp-json\/wp\/v2\/pages"}],"about":[{"href":"https:\/\/hoteletopark.hu\/de\/wp-json\/wp\/v2\/types\/page"}],"author":[{"embeddable":true,"href":"https:\/\/hoteletopark.hu\/de\/wp-json\/wp\/v2\/users\/4"}],"replies":[{"embeddable":true,"href":"https:\/\/hoteletopark.hu\/de\/wp-json\/wp\/v2\/comments?post=334"}],"version-history":[{"count":0,"href":"https:\/\/hoteletopark.hu\/de\/wp-json\/wp\/v2\/pages\/334\/revisions"}],"up":[{"embeddable":true,"href":"https:\/\/hoteletopark.hu\/de\/wp-json\/wp\/v2\/pages\/327"}],"wp:featuredmedia":[{"embeddable":true,"href":"https:\/\/hoteletopark.hu\/de\/wp-json\/wp\/v2\/media\/297"}],"wp:attachment":[{"href":"https:\/\/hoteletopark.hu\/de\/wp-json\/wp\/v2\/media?parent=334"}],"curies":[{"name":"wp","href":"https:\/\/api.w.org\/{rel}","templated":true}]}}