{"id":336,"date":"2020-11-27T08:24:04","date_gmt":"2020-11-27T08:24:04","guid":{"rendered":"http:\/\/eto-park-hotel.ms.decms.eu\/?page_id=336"},"modified":"2020-11-27T09:30:33","modified_gmt":"2020-11-27T09:30:33","slug":"zimmer","status":"publish","type":"page","link":"https:\/\/hoteletopark.hu\/de\/zimmer\/","title":{"rendered":"Zimmer"},"content":{"rendered":"<p>Das ETO Park Hotel**** Superior verf\u00fcgt \u00fcber 103 modernen, komfortablen, ger\u00e4umigen, luxuri\u00f6sen Zimmer und Suiten. Alle sind mit Dusche oder Badewanne, WC, F\u00f6n, Mini-Bar, Schreibtisch mit Lampe, Telefon, Satelliten-TV mit USB Anschluss, Safe, Klimaanlage und gratis WLAN ausgestattet. Mehr als die H\u00e4lfte der Zimmer haben eigenartiger Blick auf das Stadion.<\/p>\n","protected":false},"excerpt":{"rendered":"<p>Das ETO Park Hotel**** Superior verf\u00fcgt \u00fcber 103 modernen, komfortablen, ger\u00e4umigen, luxuri\u00f6sen Zimmer und Suiten. Alle sind mit Dusche oder Badewanne, WC, F\u00f6n, Mini-Bar, Schreibtisch mit Lampe, Telefon, Satelliten-TV mit USB Anschluss, Safe, Klimaanlage und gratis WLAN ausgestattet. Mehr als die H\u00e4lfte der Zimmer haben eigenartiger Blick auf das Stadion.<\/p>\n","protected":false},"author":4,"featured_media":169,"parent":0,"menu_order":20,"comment_status":"closed","ping_status":"closed","template":"template-rooms.php","meta":{"footnotes":""},"class_list":["post-336","page","type-page","status-publish","has-post-thumbnail","hentry"],"yoast_head":"<!-- This site is optimized with the Yoast SEO plugin v26.9 - https:\/\/yoast.com\/product\/yoast-seo-wordpress\/ -->\n<title>Zimmer - Eto Park Hotel<\/title>\n<meta name=\"description\" content=\"Das ETO Park Hotel**** Superior verf\u00fcgt \u00fcber 103 modernen, komfortablen, ger\u00e4umigen, luxuri\u00f6sen Zimmer und Suiten. Alle sind mit Dusche oder Badewanne, WC, F\u00f6n, Mini-Bar, Schreibtisch mit Lampe, Telefon, Satelliten-TV mit USB Anschluss, Safe, Klimaanlage und gratis WLAN ausgestattet\" \/>\n<meta name=\"robots\" content=\"index, follow, max-snippet:-1, max-image-preview:large, max-video-preview:-1\" \/>\n<link rel=\"canonical\" href=\"https:\/\/hoteletopark.hu\/de\/zimmer\/\" \/>\n<meta property=\"og:locale\" content=\"de_DE\" \/>\n<meta property=\"og:type\" content=\"article\" \/>\n<meta property=\"og:title\" content=\"Zimmer - Eto Park Hotel\" \/>\n<meta property=\"og:description\" content=\"Das ETO Park Hotel**** Superior verf\u00fcgt \u00fcber 103 modernen, komfortablen, ger\u00e4umigen, luxuri\u00f6sen Zimmer und Suiten. Alle sind mit Dusche oder Badewanne, WC, F\u00f6n, Mini-Bar, Schreibtisch mit Lampe, Telefon, Satelliten-TV mit USB Anschluss, Safe, Klimaanlage und gratis WLAN ausgestattet\" \/>\n<meta property=\"og:url\" content=\"https:\/\/hoteletopark.hu\/de\/zimmer\/\" \/>\n<meta property=\"og:site_name\" content=\"Eto Park Hotel\" \/>\n<meta property=\"article:modified_time\" content=\"2020-11-27T09:30:33+00:00\" \/>\n<meta property=\"og:image\" content=\"https:\/\/hoteletopark.hu\/wp-content\/uploads\/sites\/214\/2020\/11\/Business-Superior-Stadium-view-6-1.jpeg\" \/>\n\t<meta property=\"og:image:width\" content=\"1800\" \/>\n\t<meta property=\"og:image:height\" content=\"1200\" \/>\n\t<meta property=\"og:image:type\" content=\"image\/jpeg\" \/>\n<meta name=\"twitter:card\" content=\"summary_large_image\" \/>\n<script type=\"application\/ld+json\" class=\"yoast-schema-graph\">{\"@context\":\"https:\/\/schema.org\",\"@graph\":[{\"@type\":\"WebPage\",\"@id\":\"https:\/\/hoteletopark.hu\/de\/zimmer\/\",\"url\":\"https:\/\/hoteletopark.hu\/de\/zimmer\/\",\"name\":\"Zimmer - Eto Park Hotel\",\"isPartOf\":{\"@id\":\"https:\/\/hoteletopark.hu\/de\/#website\"},\"primaryImageOfPage\":{\"@id\":\"https:\/\/hoteletopark.hu\/de\/zimmer\/#primaryimage\"},\"image\":{\"@id\":\"https:\/\/hoteletopark.hu\/de\/zimmer\/#primaryimage\"},\"thumbnailUrl\":\"https:\/\/hoteletopark.hu\/wp-content\/uploads\/sites\/214\/2020\/11\/Business-Superior-Stadium-view-6-1.jpeg\",\"datePublished\":\"2020-11-27T08:24:04+00:00\",\"dateModified\":\"2020-11-27T09:30:33+00:00\",\"description\":\"Das ETO Park Hotel**** Superior verf\u00fcgt \u00fcber 103 modernen, komfortablen, ger\u00e4umigen, luxuri\u00f6sen Zimmer und Suiten. Alle sind mit Dusche oder Badewanne, WC, F\u00f6n, Mini-Bar, Schreibtisch mit Lampe, Telefon, Satelliten-TV mit USB Anschluss, Safe, Klimaanlage und gratis WLAN ausgestattet\",\"breadcrumb\":{\"@id\":\"https:\/\/hoteletopark.hu\/de\/zimmer\/#breadcrumb\"},\"inLanguage\":\"de-DE\",\"potentialAction\":[{\"@type\":\"ReadAction\",\"target\":[\"https:\/\/hoteletopark.hu\/de\/zimmer\/\"]}]},{\"@type\":\"ImageObject\",\"inLanguage\":\"de-DE\",\"@id\":\"https:\/\/hoteletopark.hu\/de\/zimmer\/#primaryimage\",\"url\":\"https:\/\/hoteletopark.hu\/wp-content\/uploads\/sites\/214\/2020\/11\/Business-Superior-Stadium-view-6-1.jpeg\",\"contentUrl\":\"https:\/\/hoteletopark.hu\/wp-content\/uploads\/sites\/214\/2020\/11\/Business-Superior-Stadium-view-6-1.jpeg\",\"width\":1800,\"height\":1200},{\"@type\":\"BreadcrumbList\",\"@id\":\"https:\/\/hoteletopark.hu\/de\/zimmer\/#breadcrumb\",\"itemListElement\":[{\"@type\":\"ListItem\",\"position\":1,\"name\":\"Home\",\"item\":\"https:\/\/hoteletopark.hu\/de\/\"},{\"@type\":\"ListItem\",\"position\":2,\"name\":\"Zimmer\"}]},{\"@type\":\"WebSite\",\"@id\":\"https:\/\/hoteletopark.hu\/de\/#website\",\"url\":\"https:\/\/hoteletopark.hu\/de\/\",\"name\":\"Eto Park Hotel\",\"description\":\"Just another ms.decms.eu site\",\"potentialAction\":[{\"@type\":\"SearchAction\",\"target\":{\"@type\":\"EntryPoint\",\"urlTemplate\":\"https:\/\/hoteletopark.hu\/de\/?s={search_term_string}\"},\"query-input\":{\"@type\":\"PropertyValueSpecification\",\"valueRequired\":true,\"valueName\":\"search_term_string\"}}],\"inLanguage\":\"de-DE\"}]}<\/script>\n<!-- \/ Yoast SEO plugin. -->","yoast_head_json":{"title":"Zimmer - Eto Park Hotel","description":"Das ETO Park Hotel**** Superior verf\u00fcgt \u00fcber 103 modernen, komfortablen, ger\u00e4umigen, luxuri\u00f6sen Zimmer und Suiten. Alle sind mit Dusche oder Badewanne, WC, F\u00f6n, Mini-Bar, Schreibtisch mit Lampe, Telefon, Satelliten-TV mit USB Anschluss, Safe, Klimaanlage und gratis WLAN ausgestattet","robots":{"index":"index","follow":"follow","max-snippet":"max-snippet:-1","max-image-preview":"max-image-preview:large","max-video-preview":"max-video-preview:-1"},"canonical":"https:\/\/hoteletopark.hu\/de\/zimmer\/","og_locale":"de_DE","og_type":"article","og_title":"Zimmer - Eto Park Hotel","og_description":"Das ETO Park Hotel**** Superior verf\u00fcgt \u00fcber 103 modernen, komfortablen, ger\u00e4umigen, luxuri\u00f6sen Zimmer und Suiten. Alle sind mit Dusche oder Badewanne, WC, F\u00f6n, Mini-Bar, Schreibtisch mit Lampe, Telefon, Satelliten-TV mit USB Anschluss, Safe, Klimaanlage und gratis WLAN ausgestattet","og_url":"https:\/\/hoteletopark.hu\/de\/zimmer\/","og_site_name":"Eto Park Hotel","article_modified_time":"2020-11-27T09:30:33+00:00","og_image":[{"width":1800,"height":1200,"url":"https:\/\/hoteletopark.hu\/wp-content\/uploads\/sites\/214\/2020\/11\/Business-Superior-Stadium-view-6-1.jpeg","type":"image\/jpeg"}],"twitter_card":"summary_large_image","schema":{"@context":"https:\/\/schema.org","@graph":[{"@type":"WebPage","@id":"https:\/\/hoteletopark.hu\/de\/zimmer\/","url":"https:\/\/hoteletopark.hu\/de\/zimmer\/","name":"Zimmer - Eto Park Hotel","isPartOf":{"@id":"https:\/\/hoteletopark.hu\/de\/#website"},"primaryImageOfPage":{"@id":"https:\/\/hoteletopark.hu\/de\/zimmer\/#primaryimage"},"image":{"@id":"https:\/\/hoteletopark.hu\/de\/zimmer\/#primaryimage"},"thumbnailUrl":"https:\/\/hoteletopark.hu\/wp-content\/uploads\/sites\/214\/2020\/11\/Business-Superior-Stadium-view-6-1.jpeg","datePublished":"2020-11-27T08:24:04+00:00","dateModified":"2020-11-27T09:30:33+00:00","description":"Das ETO Park Hotel**** Superior verf\u00fcgt \u00fcber 103 modernen, komfortablen, ger\u00e4umigen, luxuri\u00f6sen Zimmer und Suiten. Alle sind mit Dusche oder Badewanne, WC, F\u00f6n, Mini-Bar, Schreibtisch mit Lampe, Telefon, Satelliten-TV mit USB Anschluss, Safe, Klimaanlage und gratis WLAN ausgestattet","breadcrumb":{"@id":"https:\/\/hoteletopark.hu\/de\/zimmer\/#breadcrumb"},"inLanguage":"de-DE","potentialAction":[{"@type":"ReadAction","target":["https:\/\/hoteletopark.hu\/de\/zimmer\/"]}]},{"@type":"ImageObject","inLanguage":"de-DE","@id":"https:\/\/hoteletopark.hu\/de\/zimmer\/#primaryimage","url":"https:\/\/hoteletopark.hu\/wp-content\/uploads\/sites\/214\/2020\/11\/Business-Superior-Stadium-view-6-1.jpeg","contentUrl":"https:\/\/hoteletopark.hu\/wp-content\/uploads\/sites\/214\/2020\/11\/Business-Superior-Stadium-view-6-1.jpeg","width":1800,"height":1200},{"@type":"BreadcrumbList","@id":"https:\/\/hoteletopark.hu\/de\/zimmer\/#breadcrumb","itemListElement":[{"@type":"ListItem","position":1,"name":"Home","item":"https:\/\/hoteletopark.hu\/de\/"},{"@type":"ListItem","position":2,"name":"Zimmer"}]},{"@type":"WebSite","@id":"https:\/\/hoteletopark.hu\/de\/#website","url":"https:\/\/hoteletopark.hu\/de\/","name":"Eto Park Hotel","description":"Just another ms.decms.eu site","potentialAction":[{"@type":"SearchAction","target":{"@type":"EntryPoint","urlTemplate":"https:\/\/hoteletopark.hu\/de\/?s={search_term_string}"},"query-input":{"@type":"PropertyValueSpecification","valueRequired":true,"valueName":"search_term_string"}}],"inLanguage":"de-DE"}]}},"acf":[],"_links":{"self":[{"href":"https:\/\/hoteletopark.hu\/de\/wp-json\/wp\/v2\/pages\/336","targetHints":{"allow":["GET"]}}],"collection":[{"href":"https:\/\/hoteletopark.hu\/de\/wp-json\/wp\/v2\/pages"}],"about":[{"href":"https:\/\/hoteletopark.hu\/de\/wp-json\/wp\/v2\/types\/page"}],"author":[{"embeddable":true,"href":"https:\/\/hoteletopark.hu\/de\/wp-json\/wp\/v2\/users\/4"}],"replies":[{"embeddable":true,"href":"https:\/\/hoteletopark.hu\/de\/wp-json\/wp\/v2\/comments?post=336"}],"version-history":[{"count":0,"href":"https:\/\/hoteletopark.hu\/de\/wp-json\/wp\/v2\/pages\/336\/revisions"}],"wp:featuredmedia":[{"embeddable":true,"href":"https:\/\/hoteletopark.hu\/de\/wp-json\/wp\/v2\/media\/169"}],"wp:attachment":[{"href":"https:\/\/hoteletopark.hu\/de\/wp-json\/wp\/v2\/media?parent=336"}],"curies":[{"name":"wp","href":"https:\/\/api.w.org\/{rel}","templated":true}]}}