{"id":370,"date":"2020-11-27T15:33:00","date_gmt":"2020-11-27T15:33:00","guid":{"rendered":"http:\/\/eto-park-hotel.ms.decms.eu\/?page_id=370"},"modified":"2025-11-05T11:14:53","modified_gmt":"2025-11-05T11:14:53","slug":"narrabo-restaurant","status":"publish","type":"page","link":"https:\/\/hoteletopark.hu\/de\/gastronomie\/narrabo-restaurant\/","title":{"rendered":"Narrabo Restaurant"},"content":{"rendered":"<p>Das elegante Narrabo Restaurant hat ein atemberaubendes Panorama auf das Fu\u00dfballstadion.<\/p>\n<p>Dem Anspruch, unseren G\u00e4sten nur das Beste zukommen zu lassen, steht unsere K\u00fcchenphilosophie in nichts nach. Unser Restaurant wurde bereits mehrfach ausgezeichnet und z\u00e4hlt zu den Besten in Westungarn.<\/p>\n<p>Wir verwenden ausschlie\u00dflich frische Produkte aus aller Welt Unser K\u00fcchenteam achtet auf schonendste Verarbeitung und harmonische Zusammenstellung der einzelnen Gerichte.<\/p>\n<p>Das Restaurant eignet sich hervorragend f\u00fcr Feierlichkeiten aller Art. Wir unterst\u00fctzen Sie gerne bei der Organisation.<\/p>\n<p>Die Kapazit\u00e4t von 100 Personen kann um 50 Personen erweitert werden. Der Salon funktioniert auch als separater Tagungsraum.<\/p>\n","protected":false},"excerpt":{"rendered":"<p>Das elegante Narrabo Restaurant hat ein atemberaubendes Panorama auf das Fu\u00dfballstadion. Dem Anspruch, unseren G\u00e4sten nur das Beste zukommen zu lassen, steht unsere K\u00fcchenphilosophie in nichts nach. Unser Restaurant wurde bereits mehrfach ausgezeichnet und z\u00e4hlt zu den Besten in Westungarn. Wir verwenden ausschlie\u00dflich frische Produkte aus aller Welt Unser K\u00fcchenteam achtet auf schonendste Verarbeitung und [&hellip;]<\/p>\n","protected":false},"author":4,"featured_media":75,"parent":364,"menu_order":20,"comment_status":"closed","ping_status":"closed","template":"template-single-restaurant.php","meta":{"footnotes":""},"class_list":["post-370","page","type-page","status-publish","has-post-thumbnail","hentry"],"yoast_head":"<!-- This site is optimized with the Yoast SEO plugin v26.9 - https:\/\/yoast.com\/product\/yoast-seo-wordpress\/ -->\n<title>Narrabo Restaurant - Eto Park Hotel<\/title>\n<meta name=\"description\" content=\"Das elegante Narrabo Restaurant hat ein atemberaubendes Panorama auf das Fu\u00dfballstadion.  Dem Anspruch, unseren G\u00e4sten nur das Beste zukommen zu lassen, steht unsere K\u00fcchenphilosophie in nichts nach. Unser Restaurant wurde bereits mehrfach ausgezeichnet und z\u00e4hlt zu den Besten in Westungarn.  Wir verwenden ausschlie\u00dflich frische Produkte aus aller Welt Unser K\u00fcchenteam achtet auf schonendste Verarbeitung und harmonische Zusammenstellung der einzelnen Gerichte.  Das Restaurant eignet sich hervorragend f\u00fcr Feierlichkeiten aller Art\" \/>\n<meta name=\"robots\" content=\"index, follow, max-snippet:-1, max-image-preview:large, max-video-preview:-1\" \/>\n<link rel=\"canonical\" href=\"https:\/\/hoteletopark.hu\/de\/gastronomie\/narrabo-restaurant\/\" \/>\n<meta property=\"og:locale\" content=\"de_DE\" \/>\n<meta property=\"og:type\" content=\"article\" \/>\n<meta property=\"og:title\" content=\"Narrabo Restaurant - Eto Park Hotel\" \/>\n<meta property=\"og:description\" content=\"Das elegante Narrabo Restaurant hat ein atemberaubendes Panorama auf das Fu\u00dfballstadion.  Dem Anspruch, unseren G\u00e4sten nur das Beste zukommen zu lassen, steht unsere K\u00fcchenphilosophie in nichts nach. Unser Restaurant wurde bereits mehrfach ausgezeichnet und z\u00e4hlt zu den Besten in Westungarn.  Wir verwenden ausschlie\u00dflich frische Produkte aus aller Welt Unser K\u00fcchenteam achtet auf schonendste Verarbeitung und harmonische Zusammenstellung der einzelnen Gerichte.  Das Restaurant eignet sich hervorragend f\u00fcr Feierlichkeiten aller Art\" \/>\n<meta property=\"og:url\" content=\"https:\/\/hoteletopark.hu\/de\/gastronomie\/narrabo-restaurant\/\" \/>\n<meta property=\"og:site_name\" content=\"Eto Park Hotel\" \/>\n<meta property=\"article:modified_time\" content=\"2025-11-05T11:14:53+00:00\" \/>\n<meta property=\"og:image\" content=\"https:\/\/hoteletopark.hu\/wp-content\/uploads\/sites\/214\/2020\/11\/Narrabo-restaurant-10.jpeg\" \/>\n\t<meta property=\"og:image:width\" content=\"1800\" \/>\n\t<meta property=\"og:image:height\" content=\"1200\" \/>\n\t<meta property=\"og:image:type\" content=\"image\/jpeg\" \/>\n<meta name=\"twitter:card\" content=\"summary_large_image\" \/>\n<meta name=\"twitter:label1\" content=\"Gesch\u00e4tzte Lesezeit\" \/>\n\t<meta name=\"twitter:data1\" content=\"1 Minute\" \/>\n<script type=\"application\/ld+json\" class=\"yoast-schema-graph\">{\"@context\":\"https:\/\/schema.org\",\"@graph\":[{\"@type\":\"WebPage\",\"@id\":\"https:\/\/hoteletopark.hu\/de\/gastronomie\/narrabo-restaurant\/\",\"url\":\"https:\/\/hoteletopark.hu\/de\/gastronomie\/narrabo-restaurant\/\",\"name\":\"Narrabo Restaurant - Eto Park Hotel\",\"isPartOf\":{\"@id\":\"https:\/\/hoteletopark.hu\/de\/#website\"},\"primaryImageOfPage\":{\"@id\":\"https:\/\/hoteletopark.hu\/de\/gastronomie\/narrabo-restaurant\/#primaryimage\"},\"image\":{\"@id\":\"https:\/\/hoteletopark.hu\/de\/gastronomie\/narrabo-restaurant\/#primaryimage\"},\"thumbnailUrl\":\"https:\/\/hoteletopark.hu\/wp-content\/uploads\/sites\/214\/2020\/11\/Narrabo-restaurant-10.jpeg\",\"datePublished\":\"2020-11-27T15:33:00+00:00\",\"dateModified\":\"2025-11-05T11:14:53+00:00\",\"description\":\"Das elegante Narrabo Restaurant hat ein atemberaubendes Panorama auf das Fu\u00dfballstadion. Dem Anspruch, unseren G\u00e4sten nur das Beste zukommen zu lassen, steht unsere K\u00fcchenphilosophie in nichts nach. Unser Restaurant wurde bereits mehrfach ausgezeichnet und z\u00e4hlt zu den Besten in Westungarn. Wir verwenden ausschlie\u00dflich frische Produkte aus aller Welt Unser K\u00fcchenteam achtet auf schonendste Verarbeitung und harmonische Zusammenstellung der einzelnen Gerichte. Das Restaurant eignet sich hervorragend f\u00fcr Feierlichkeiten aller Art\",\"breadcrumb\":{\"@id\":\"https:\/\/hoteletopark.hu\/de\/gastronomie\/narrabo-restaurant\/#breadcrumb\"},\"inLanguage\":\"de-DE\",\"potentialAction\":[{\"@type\":\"ReadAction\",\"target\":[\"https:\/\/hoteletopark.hu\/de\/gastronomie\/narrabo-restaurant\/\"]}]},{\"@type\":\"ImageObject\",\"inLanguage\":\"de-DE\",\"@id\":\"https:\/\/hoteletopark.hu\/de\/gastronomie\/narrabo-restaurant\/#primaryimage\",\"url\":\"https:\/\/hoteletopark.hu\/wp-content\/uploads\/sites\/214\/2020\/11\/Narrabo-restaurant-10.jpeg\",\"contentUrl\":\"https:\/\/hoteletopark.hu\/wp-content\/uploads\/sites\/214\/2020\/11\/Narrabo-restaurant-10.jpeg\",\"width\":1800,\"height\":1200},{\"@type\":\"BreadcrumbList\",\"@id\":\"https:\/\/hoteletopark.hu\/de\/gastronomie\/narrabo-restaurant\/#breadcrumb\",\"itemListElement\":[{\"@type\":\"ListItem\",\"position\":1,\"name\":\"Home\",\"item\":\"https:\/\/hoteletopark.hu\/de\/\"},{\"@type\":\"ListItem\",\"position\":2,\"name\":\"Gastronomie\",\"item\":\"https:\/\/hoteletopark.hu\/de\/gastronomie\/\"},{\"@type\":\"ListItem\",\"position\":3,\"name\":\"Narrabo Restaurant\"}]},{\"@type\":\"WebSite\",\"@id\":\"https:\/\/hoteletopark.hu\/de\/#website\",\"url\":\"https:\/\/hoteletopark.hu\/de\/\",\"name\":\"Eto Park Hotel\",\"description\":\"Just another ms.decms.eu site\",\"potentialAction\":[{\"@type\":\"SearchAction\",\"target\":{\"@type\":\"EntryPoint\",\"urlTemplate\":\"https:\/\/hoteletopark.hu\/de\/?s={search_term_string}\"},\"query-input\":{\"@type\":\"PropertyValueSpecification\",\"valueRequired\":true,\"valueName\":\"search_term_string\"}}],\"inLanguage\":\"de-DE\"}]}<\/script>\n<!-- \/ Yoast SEO plugin. -->","yoast_head_json":{"title":"Narrabo Restaurant - Eto Park Hotel","description":"Das elegante Narrabo Restaurant hat ein atemberaubendes Panorama auf das Fu\u00dfballstadion.  Dem Anspruch, unseren G\u00e4sten nur das Beste zukommen zu lassen, steht unsere K\u00fcchenphilosophie in nichts nach. Unser Restaurant wurde bereits mehrfach ausgezeichnet und z\u00e4hlt zu den Besten in Westungarn.  Wir verwenden ausschlie\u00dflich frische Produkte aus aller Welt Unser K\u00fcchenteam achtet auf schonendste Verarbeitung und harmonische Zusammenstellung der einzelnen Gerichte.  Das Restaurant eignet sich hervorragend f\u00fcr Feierlichkeiten aller Art","robots":{"index":"index","follow":"follow","max-snippet":"max-snippet:-1","max-image-preview":"max-image-preview:large","max-video-preview":"max-video-preview:-1"},"canonical":"https:\/\/hoteletopark.hu\/de\/gastronomie\/narrabo-restaurant\/","og_locale":"de_DE","og_type":"article","og_title":"Narrabo Restaurant - Eto Park Hotel","og_description":"Das elegante Narrabo Restaurant hat ein atemberaubendes Panorama auf das Fu\u00dfballstadion.  Dem Anspruch, unseren G\u00e4sten nur das Beste zukommen zu lassen, steht unsere K\u00fcchenphilosophie in nichts nach. Unser Restaurant wurde bereits mehrfach ausgezeichnet und z\u00e4hlt zu den Besten in Westungarn.  Wir verwenden ausschlie\u00dflich frische Produkte aus aller Welt Unser K\u00fcchenteam achtet auf schonendste Verarbeitung und harmonische Zusammenstellung der einzelnen Gerichte.  Das Restaurant eignet sich hervorragend f\u00fcr Feierlichkeiten aller Art","og_url":"https:\/\/hoteletopark.hu\/de\/gastronomie\/narrabo-restaurant\/","og_site_name":"Eto Park Hotel","article_modified_time":"2025-11-05T11:14:53+00:00","og_image":[{"width":1800,"height":1200,"url":"https:\/\/hoteletopark.hu\/wp-content\/uploads\/sites\/214\/2020\/11\/Narrabo-restaurant-10.jpeg","type":"image\/jpeg"}],"twitter_card":"summary_large_image","twitter_misc":{"Gesch\u00e4tzte Lesezeit":"1 Minute"},"schema":{"@context":"https:\/\/schema.org","@graph":[{"@type":"WebPage","@id":"https:\/\/hoteletopark.hu\/de\/gastronomie\/narrabo-restaurant\/","url":"https:\/\/hoteletopark.hu\/de\/gastronomie\/narrabo-restaurant\/","name":"Narrabo Restaurant - Eto Park Hotel","isPartOf":{"@id":"https:\/\/hoteletopark.hu\/de\/#website"},"primaryImageOfPage":{"@id":"https:\/\/hoteletopark.hu\/de\/gastronomie\/narrabo-restaurant\/#primaryimage"},"image":{"@id":"https:\/\/hoteletopark.hu\/de\/gastronomie\/narrabo-restaurant\/#primaryimage"},"thumbnailUrl":"https:\/\/hoteletopark.hu\/wp-content\/uploads\/sites\/214\/2020\/11\/Narrabo-restaurant-10.jpeg","datePublished":"2020-11-27T15:33:00+00:00","dateModified":"2025-11-05T11:14:53+00:00","description":"Das elegante Narrabo Restaurant hat ein atemberaubendes Panorama auf das Fu\u00dfballstadion. Dem Anspruch, unseren G\u00e4sten nur das Beste zukommen zu lassen, steht unsere K\u00fcchenphilosophie in nichts nach. Unser Restaurant wurde bereits mehrfach ausgezeichnet und z\u00e4hlt zu den Besten in Westungarn. Wir verwenden ausschlie\u00dflich frische Produkte aus aller Welt Unser K\u00fcchenteam achtet auf schonendste Verarbeitung und harmonische Zusammenstellung der einzelnen Gerichte. Das Restaurant eignet sich hervorragend f\u00fcr Feierlichkeiten aller Art","breadcrumb":{"@id":"https:\/\/hoteletopark.hu\/de\/gastronomie\/narrabo-restaurant\/#breadcrumb"},"inLanguage":"de-DE","potentialAction":[{"@type":"ReadAction","target":["https:\/\/hoteletopark.hu\/de\/gastronomie\/narrabo-restaurant\/"]}]},{"@type":"ImageObject","inLanguage":"de-DE","@id":"https:\/\/hoteletopark.hu\/de\/gastronomie\/narrabo-restaurant\/#primaryimage","url":"https:\/\/hoteletopark.hu\/wp-content\/uploads\/sites\/214\/2020\/11\/Narrabo-restaurant-10.jpeg","contentUrl":"https:\/\/hoteletopark.hu\/wp-content\/uploads\/sites\/214\/2020\/11\/Narrabo-restaurant-10.jpeg","width":1800,"height":1200},{"@type":"BreadcrumbList","@id":"https:\/\/hoteletopark.hu\/de\/gastronomie\/narrabo-restaurant\/#breadcrumb","itemListElement":[{"@type":"ListItem","position":1,"name":"Home","item":"https:\/\/hoteletopark.hu\/de\/"},{"@type":"ListItem","position":2,"name":"Gastronomie","item":"https:\/\/hoteletopark.hu\/de\/gastronomie\/"},{"@type":"ListItem","position":3,"name":"Narrabo Restaurant"}]},{"@type":"WebSite","@id":"https:\/\/hoteletopark.hu\/de\/#website","url":"https:\/\/hoteletopark.hu\/de\/","name":"Eto Park Hotel","description":"Just another ms.decms.eu site","potentialAction":[{"@type":"SearchAction","target":{"@type":"EntryPoint","urlTemplate":"https:\/\/hoteletopark.hu\/de\/?s={search_term_string}"},"query-input":{"@type":"PropertyValueSpecification","valueRequired":true,"valueName":"search_term_string"}}],"inLanguage":"de-DE"}]}},"acf":[],"_links":{"self":[{"href":"https:\/\/hoteletopark.hu\/de\/wp-json\/wp\/v2\/pages\/370","targetHints":{"allow":["GET"]}}],"collection":[{"href":"https:\/\/hoteletopark.hu\/de\/wp-json\/wp\/v2\/pages"}],"about":[{"href":"https:\/\/hoteletopark.hu\/de\/wp-json\/wp\/v2\/types\/page"}],"author":[{"embeddable":true,"href":"https:\/\/hoteletopark.hu\/de\/wp-json\/wp\/v2\/users\/4"}],"replies":[{"embeddable":true,"href":"https:\/\/hoteletopark.hu\/de\/wp-json\/wp\/v2\/comments?post=370"}],"version-history":[{"count":0,"href":"https:\/\/hoteletopark.hu\/de\/wp-json\/wp\/v2\/pages\/370\/revisions"}],"up":[{"embeddable":true,"href":"https:\/\/hoteletopark.hu\/de\/wp-json\/wp\/v2\/pages\/364"}],"wp:featuredmedia":[{"embeddable":true,"href":"https:\/\/hoteletopark.hu\/de\/wp-json\/wp\/v2\/media\/75"}],"wp:attachment":[{"href":"https:\/\/hoteletopark.hu\/de\/wp-json\/wp\/v2\/media?parent=370"}],"curies":[{"name":"wp","href":"https:\/\/api.w.org\/{rel}","templated":true}]}}