{"id":374,"date":"2020-11-27T16:16:32","date_gmt":"2020-11-27T16:16:32","guid":{"rendered":"http:\/\/eto-park-hotel.ms.decms.eu\/?page_id=374"},"modified":"2025-01-16T14:00:33","modified_gmt":"2025-01-16T14:00:33","slug":"tempestas-bar","status":"publish","type":"page","link":"https:\/\/hoteletopark.hu\/de\/gastronomie\/tempestas-bar\/","title":{"rendered":"Tempestas Bar"},"content":{"rendered":"<p>Das Tempestas Bar und Kartenraum im Erdgeschoss bieten einen breiten Auswahl von Cocktail- und Kaffeespezialit\u00e4ten bzw. Snack-Angebot nach einem anstrengendem Arbeitstag. Es ist auch ein idealer Ort f\u00fcr Gesch\u00e4ftsbesprechungen und Treffen.<\/p>\n","protected":false},"excerpt":{"rendered":"<p>Das Tempestas Bar und Kartenraum im Erdgeschoss bieten einen breiten Auswahl von Cocktail- und Kaffeespezialit\u00e4ten bzw. Snack-Angebot nach einem anstrengendem Arbeitstag. Es ist auch ein idealer Ort f\u00fcr Gesch\u00e4ftsbesprechungen und Treffen.<\/p>\n","protected":false},"author":4,"featured_media":101,"parent":364,"menu_order":20,"comment_status":"closed","ping_status":"closed","template":"template-single-restaurant-2.php","meta":{"footnotes":""},"class_list":["post-374","page","type-page","status-publish","has-post-thumbnail","hentry"],"yoast_head":"<!-- This site is optimized with the Yoast SEO plugin v26.9 - https:\/\/yoast.com\/product\/yoast-seo-wordpress\/ -->\n<title>Tempestas Bar - Eto Park Hotel<\/title>\n<meta name=\"description\" content=\"Das Tempestas Bar und Kartenraum im Erdgeschoss bieten einen breiten Auswahl von Cocktail- und Kaffeespezialit\u00e4ten bzw. Snack-Angebot nach einem anstrengendem Arbeitstag\" \/>\n<meta name=\"robots\" content=\"index, follow, max-snippet:-1, max-image-preview:large, max-video-preview:-1\" \/>\n<link rel=\"canonical\" href=\"https:\/\/hoteletopark.hu\/de\/gastronomie\/tempestas-bar\/\" \/>\n<meta property=\"og:locale\" content=\"de_DE\" \/>\n<meta property=\"og:type\" content=\"article\" \/>\n<meta property=\"og:title\" content=\"Tempestas Bar - Eto Park Hotel\" \/>\n<meta property=\"og:description\" content=\"Das Tempestas Bar und Kartenraum im Erdgeschoss bieten einen breiten Auswahl von Cocktail- und Kaffeespezialit\u00e4ten bzw. Snack-Angebot nach einem anstrengendem Arbeitstag\" \/>\n<meta property=\"og:url\" content=\"https:\/\/hoteletopark.hu\/de\/gastronomie\/tempestas-bar\/\" \/>\n<meta property=\"og:site_name\" content=\"Eto Park Hotel\" \/>\n<meta property=\"article:modified_time\" content=\"2025-01-16T14:00:33+00:00\" \/>\n<meta property=\"og:image\" content=\"https:\/\/hoteletopark.hu\/wp-content\/uploads\/sites\/214\/2020\/11\/Tempestas-Bar-6.jpeg\" \/>\n\t<meta property=\"og:image:width\" content=\"1836\" \/>\n\t<meta property=\"og:image:height\" content=\"1200\" \/>\n\t<meta property=\"og:image:type\" content=\"image\/jpeg\" \/>\n<meta name=\"twitter:card\" content=\"summary_large_image\" \/>\n<meta name=\"twitter:label1\" content=\"Gesch\u00e4tzte Lesezeit\" \/>\n\t<meta name=\"twitter:data1\" content=\"1 Minute\" \/>\n<script type=\"application\/ld+json\" class=\"yoast-schema-graph\">{\"@context\":\"https:\/\/schema.org\",\"@graph\":[{\"@type\":\"WebPage\",\"@id\":\"https:\/\/hoteletopark.hu\/de\/gastronomie\/tempestas-bar\/\",\"url\":\"https:\/\/hoteletopark.hu\/de\/gastronomie\/tempestas-bar\/\",\"name\":\"Tempestas Bar - Eto Park Hotel\",\"isPartOf\":{\"@id\":\"https:\/\/hoteletopark.hu\/de\/#website\"},\"primaryImageOfPage\":{\"@id\":\"https:\/\/hoteletopark.hu\/de\/gastronomie\/tempestas-bar\/#primaryimage\"},\"image\":{\"@id\":\"https:\/\/hoteletopark.hu\/de\/gastronomie\/tempestas-bar\/#primaryimage\"},\"thumbnailUrl\":\"https:\/\/hoteletopark.hu\/wp-content\/uploads\/sites\/214\/2020\/11\/Tempestas-Bar-6.jpeg\",\"datePublished\":\"2020-11-27T16:16:32+00:00\",\"dateModified\":\"2025-01-16T14:00:33+00:00\",\"description\":\"Das Tempestas Bar und Kartenraum im Erdgeschoss bieten einen breiten Auswahl von Cocktail- und Kaffeespezialit\u00e4ten bzw. Snack-Angebot nach einem anstrengendem Arbeitstag\",\"breadcrumb\":{\"@id\":\"https:\/\/hoteletopark.hu\/de\/gastronomie\/tempestas-bar\/#breadcrumb\"},\"inLanguage\":\"de-DE\",\"potentialAction\":[{\"@type\":\"ReadAction\",\"target\":[\"https:\/\/hoteletopark.hu\/de\/gastronomie\/tempestas-bar\/\"]}]},{\"@type\":\"ImageObject\",\"inLanguage\":\"de-DE\",\"@id\":\"https:\/\/hoteletopark.hu\/de\/gastronomie\/tempestas-bar\/#primaryimage\",\"url\":\"https:\/\/hoteletopark.hu\/wp-content\/uploads\/sites\/214\/2020\/11\/Tempestas-Bar-6.jpeg\",\"contentUrl\":\"https:\/\/hoteletopark.hu\/wp-content\/uploads\/sites\/214\/2020\/11\/Tempestas-Bar-6.jpeg\",\"width\":1836,\"height\":1200},{\"@type\":\"BreadcrumbList\",\"@id\":\"https:\/\/hoteletopark.hu\/de\/gastronomie\/tempestas-bar\/#breadcrumb\",\"itemListElement\":[{\"@type\":\"ListItem\",\"position\":1,\"name\":\"Home\",\"item\":\"https:\/\/hoteletopark.hu\/de\/\"},{\"@type\":\"ListItem\",\"position\":2,\"name\":\"Gastronomie\",\"item\":\"https:\/\/hoteletopark.hu\/de\/gastronomie\/\"},{\"@type\":\"ListItem\",\"position\":3,\"name\":\"Tempestas Bar\"}]},{\"@type\":\"WebSite\",\"@id\":\"https:\/\/hoteletopark.hu\/de\/#website\",\"url\":\"https:\/\/hoteletopark.hu\/de\/\",\"name\":\"Eto Park Hotel\",\"description\":\"Just another ms.decms.eu site\",\"potentialAction\":[{\"@type\":\"SearchAction\",\"target\":{\"@type\":\"EntryPoint\",\"urlTemplate\":\"https:\/\/hoteletopark.hu\/de\/?s={search_term_string}\"},\"query-input\":{\"@type\":\"PropertyValueSpecification\",\"valueRequired\":true,\"valueName\":\"search_term_string\"}}],\"inLanguage\":\"de-DE\"}]}<\/script>\n<!-- \/ Yoast SEO plugin. -->","yoast_head_json":{"title":"Tempestas Bar - Eto Park Hotel","description":"Das Tempestas Bar und Kartenraum im Erdgeschoss bieten einen breiten Auswahl von Cocktail- und Kaffeespezialit\u00e4ten bzw. Snack-Angebot nach einem anstrengendem Arbeitstag","robots":{"index":"index","follow":"follow","max-snippet":"max-snippet:-1","max-image-preview":"max-image-preview:large","max-video-preview":"max-video-preview:-1"},"canonical":"https:\/\/hoteletopark.hu\/de\/gastronomie\/tempestas-bar\/","og_locale":"de_DE","og_type":"article","og_title":"Tempestas Bar - Eto Park Hotel","og_description":"Das Tempestas Bar und Kartenraum im Erdgeschoss bieten einen breiten Auswahl von Cocktail- und Kaffeespezialit\u00e4ten bzw. Snack-Angebot nach einem anstrengendem Arbeitstag","og_url":"https:\/\/hoteletopark.hu\/de\/gastronomie\/tempestas-bar\/","og_site_name":"Eto Park Hotel","article_modified_time":"2025-01-16T14:00:33+00:00","og_image":[{"width":1836,"height":1200,"url":"https:\/\/hoteletopark.hu\/wp-content\/uploads\/sites\/214\/2020\/11\/Tempestas-Bar-6.jpeg","type":"image\/jpeg"}],"twitter_card":"summary_large_image","twitter_misc":{"Gesch\u00e4tzte Lesezeit":"1 Minute"},"schema":{"@context":"https:\/\/schema.org","@graph":[{"@type":"WebPage","@id":"https:\/\/hoteletopark.hu\/de\/gastronomie\/tempestas-bar\/","url":"https:\/\/hoteletopark.hu\/de\/gastronomie\/tempestas-bar\/","name":"Tempestas Bar - Eto Park Hotel","isPartOf":{"@id":"https:\/\/hoteletopark.hu\/de\/#website"},"primaryImageOfPage":{"@id":"https:\/\/hoteletopark.hu\/de\/gastronomie\/tempestas-bar\/#primaryimage"},"image":{"@id":"https:\/\/hoteletopark.hu\/de\/gastronomie\/tempestas-bar\/#primaryimage"},"thumbnailUrl":"https:\/\/hoteletopark.hu\/wp-content\/uploads\/sites\/214\/2020\/11\/Tempestas-Bar-6.jpeg","datePublished":"2020-11-27T16:16:32+00:00","dateModified":"2025-01-16T14:00:33+00:00","description":"Das Tempestas Bar und Kartenraum im Erdgeschoss bieten einen breiten Auswahl von Cocktail- und Kaffeespezialit\u00e4ten bzw. Snack-Angebot nach einem anstrengendem Arbeitstag","breadcrumb":{"@id":"https:\/\/hoteletopark.hu\/de\/gastronomie\/tempestas-bar\/#breadcrumb"},"inLanguage":"de-DE","potentialAction":[{"@type":"ReadAction","target":["https:\/\/hoteletopark.hu\/de\/gastronomie\/tempestas-bar\/"]}]},{"@type":"ImageObject","inLanguage":"de-DE","@id":"https:\/\/hoteletopark.hu\/de\/gastronomie\/tempestas-bar\/#primaryimage","url":"https:\/\/hoteletopark.hu\/wp-content\/uploads\/sites\/214\/2020\/11\/Tempestas-Bar-6.jpeg","contentUrl":"https:\/\/hoteletopark.hu\/wp-content\/uploads\/sites\/214\/2020\/11\/Tempestas-Bar-6.jpeg","width":1836,"height":1200},{"@type":"BreadcrumbList","@id":"https:\/\/hoteletopark.hu\/de\/gastronomie\/tempestas-bar\/#breadcrumb","itemListElement":[{"@type":"ListItem","position":1,"name":"Home","item":"https:\/\/hoteletopark.hu\/de\/"},{"@type":"ListItem","position":2,"name":"Gastronomie","item":"https:\/\/hoteletopark.hu\/de\/gastronomie\/"},{"@type":"ListItem","position":3,"name":"Tempestas Bar"}]},{"@type":"WebSite","@id":"https:\/\/hoteletopark.hu\/de\/#website","url":"https:\/\/hoteletopark.hu\/de\/","name":"Eto Park Hotel","description":"Just another ms.decms.eu site","potentialAction":[{"@type":"SearchAction","target":{"@type":"EntryPoint","urlTemplate":"https:\/\/hoteletopark.hu\/de\/?s={search_term_string}"},"query-input":{"@type":"PropertyValueSpecification","valueRequired":true,"valueName":"search_term_string"}}],"inLanguage":"de-DE"}]}},"acf":[],"_links":{"self":[{"href":"https:\/\/hoteletopark.hu\/de\/wp-json\/wp\/v2\/pages\/374","targetHints":{"allow":["GET"]}}],"collection":[{"href":"https:\/\/hoteletopark.hu\/de\/wp-json\/wp\/v2\/pages"}],"about":[{"href":"https:\/\/hoteletopark.hu\/de\/wp-json\/wp\/v2\/types\/page"}],"author":[{"embeddable":true,"href":"https:\/\/hoteletopark.hu\/de\/wp-json\/wp\/v2\/users\/4"}],"replies":[{"embeddable":true,"href":"https:\/\/hoteletopark.hu\/de\/wp-json\/wp\/v2\/comments?post=374"}],"version-history":[{"count":0,"href":"https:\/\/hoteletopark.hu\/de\/wp-json\/wp\/v2\/pages\/374\/revisions"}],"up":[{"embeddable":true,"href":"https:\/\/hoteletopark.hu\/de\/wp-json\/wp\/v2\/pages\/364"}],"wp:featuredmedia":[{"embeddable":true,"href":"https:\/\/hoteletopark.hu\/de\/wp-json\/wp\/v2\/media\/101"}],"wp:attachment":[{"href":"https:\/\/hoteletopark.hu\/de\/wp-json\/wp\/v2\/media?parent=374"}],"curies":[{"name":"wp","href":"https:\/\/api.w.org\/{rel}","templated":true}]}}