{"id":376,"date":"2020-11-27T17:06:36","date_gmt":"2020-11-27T17:06:36","guid":{"rendered":"http:\/\/eto-park-hotel.ms.decms.eu\/?page_id=376"},"modified":"2025-05-01T09:44:56","modified_gmt":"2025-05-01T09:44:56","slug":"menue","status":"publish","type":"page","link":"https:\/\/hoteletopark.hu\/de\/gastronomie\/menue\/","title":{"rendered":"Men\u00fc"},"content":{"rendered":"<p>Wir m\u00f6chten zu der ungarischen K\u00fcche beitragen so, dass wir die alte Zubereitungsmethoden der Speisen mit moderner K\u00fcchentechnik hervorrufen. Vergessene Zutaten, traditionelle Aromen werden zur\u00fcckgebracht und wir versuchen, diese Speisen gem\u00e4\u00df den Anforderungen der heutigen Zeitalter servieren.<\/p>\n<p style=\"text-align: right\"><em>Szab\u00f3 \u00c1ron &#8211; <\/em><b>Hotel Director<br \/>\n<\/b><em>Major Kriszti\u00e1n &#8211; <\/em><b>Executive Chef<br \/>\n<\/b><em>Vojta B\u00e9la &#8211;<\/em><b> Gastronomischer Manager<\/b><\/p>\n","protected":false},"excerpt":{"rendered":"<p>Wir m\u00f6chten zu der ungarischen K\u00fcche beitragen so, dass wir die alte Zubereitungsmethoden der Speisen mit moderner K\u00fcchentechnik hervorrufen. Vergessene Zutaten, traditionelle Aromen werden zur\u00fcckgebracht und wir versuchen, diese Speisen gem\u00e4\u00df den Anforderungen der heutigen Zeitalter servieren. Szab\u00f3 \u00c1ron &#8211; Hotel Director Major Kriszti\u00e1n &#8211; Executive Chef Vojta B\u00e9la &#8211; Gastronomischer Manager<\/p>\n","protected":false},"author":4,"featured_media":72,"parent":364,"menu_order":40,"comment_status":"closed","ping_status":"closed","template":"template-default-2.php","meta":{"footnotes":""},"class_list":["post-376","page","type-page","status-publish","has-post-thumbnail","hentry"],"yoast_head":"<!-- This site is optimized with the Yoast SEO plugin v26.9 - https:\/\/yoast.com\/product\/yoast-seo-wordpress\/ -->\n<title>Men\u00fc - Eto Park Hotel<\/title>\n<meta name=\"description\" content=\"Wir m\u00f6chten zu der ungarischen K\u00fcche beitragen so, dass wir die alte Zubereitungsmethoden der Speisen mit moderner K\u00fcchentechnik hervorrufen. Vergessene Zutaten, traditionelle Aromen werden zur\u00fcckgebracht und wir versuchen, diese Speisen gem\u00e4\u00df den Anforderungen der heutigen Zeitalter servieren. Szab\u00f3 \u00c1ron - Hotel Director Major Kriszti\u00e1n - Executive Chef Vojta B\u00e9la - Gastronomischer Manager\" \/>\n<meta name=\"robots\" content=\"index, follow, max-snippet:-1, max-image-preview:large, max-video-preview:-1\" \/>\n<link rel=\"canonical\" href=\"https:\/\/hoteletopark.hu\/de\/gastronomie\/menue\/\" \/>\n<meta property=\"og:locale\" content=\"de_DE\" \/>\n<meta property=\"og:type\" content=\"article\" \/>\n<meta property=\"og:title\" content=\"Men\u00fc - Eto Park Hotel\" \/>\n<meta property=\"og:description\" content=\"Wir m\u00f6chten zu der ungarischen K\u00fcche beitragen so, dass wir die alte Zubereitungsmethoden der Speisen mit moderner K\u00fcchentechnik hervorrufen. Vergessene Zutaten, traditionelle Aromen werden zur\u00fcckgebracht und wir versuchen, diese Speisen gem\u00e4\u00df den Anforderungen der heutigen Zeitalter servieren. Szab\u00f3 \u00c1ron - Hotel Director Major Kriszti\u00e1n - Executive Chef Vojta B\u00e9la - Gastronomischer Manager\" \/>\n<meta property=\"og:url\" content=\"https:\/\/hoteletopark.hu\/de\/gastronomie\/menue\/\" \/>\n<meta property=\"og:site_name\" content=\"Eto Park Hotel\" \/>\n<meta property=\"article:modified_time\" content=\"2025-05-01T09:44:56+00:00\" \/>\n<meta property=\"og:image\" content=\"https:\/\/hoteletopark.hu\/wp-content\/uploads\/sites\/214\/2020\/11\/Narrabo-restaurant-22.jpeg\" \/>\n\t<meta property=\"og:image:width\" content=\"1833\" \/>\n\t<meta property=\"og:image:height\" content=\"1200\" \/>\n\t<meta property=\"og:image:type\" content=\"image\/jpeg\" \/>\n<meta name=\"twitter:card\" content=\"summary_large_image\" \/>\n<meta name=\"twitter:label1\" content=\"Gesch\u00e4tzte Lesezeit\" \/>\n\t<meta name=\"twitter:data1\" content=\"1 Minute\" \/>\n<script type=\"application\/ld+json\" class=\"yoast-schema-graph\">{\"@context\":\"https:\/\/schema.org\",\"@graph\":[{\"@type\":\"WebPage\",\"@id\":\"https:\/\/hoteletopark.hu\/de\/gastronomie\/menue\/\",\"url\":\"https:\/\/hoteletopark.hu\/de\/gastronomie\/menue\/\",\"name\":\"Men\u00fc - Eto Park Hotel\",\"isPartOf\":{\"@id\":\"https:\/\/hoteletopark.hu\/de\/#website\"},\"primaryImageOfPage\":{\"@id\":\"https:\/\/hoteletopark.hu\/de\/gastronomie\/menue\/#primaryimage\"},\"image\":{\"@id\":\"https:\/\/hoteletopark.hu\/de\/gastronomie\/menue\/#primaryimage\"},\"thumbnailUrl\":\"https:\/\/hoteletopark.hu\/wp-content\/uploads\/sites\/214\/2020\/11\/Narrabo-restaurant-22.jpeg\",\"datePublished\":\"2020-11-27T17:06:36+00:00\",\"dateModified\":\"2025-05-01T09:44:56+00:00\",\"description\":\"Wir m\u00f6chten zu der ungarischen K\u00fcche beitragen so, dass wir die alte Zubereitungsmethoden der Speisen mit moderner K\u00fcchentechnik hervorrufen. Vergessene Zutaten, traditionelle Aromen werden zur\u00fcckgebracht und wir versuchen, diese Speisen gem\u00e4\u00df den Anforderungen der heutigen Zeitalter servieren. Szab\u00f3 \u00c1ron - Hotel Director Major Kriszti\u00e1n - Executive Chef Vojta B\u00e9la - Gastronomischer Manager\",\"breadcrumb\":{\"@id\":\"https:\/\/hoteletopark.hu\/de\/gastronomie\/menue\/#breadcrumb\"},\"inLanguage\":\"de-DE\",\"potentialAction\":[{\"@type\":\"ReadAction\",\"target\":[\"https:\/\/hoteletopark.hu\/de\/gastronomie\/menue\/\"]}]},{\"@type\":\"ImageObject\",\"inLanguage\":\"de-DE\",\"@id\":\"https:\/\/hoteletopark.hu\/de\/gastronomie\/menue\/#primaryimage\",\"url\":\"https:\/\/hoteletopark.hu\/wp-content\/uploads\/sites\/214\/2020\/11\/Narrabo-restaurant-22.jpeg\",\"contentUrl\":\"https:\/\/hoteletopark.hu\/wp-content\/uploads\/sites\/214\/2020\/11\/Narrabo-restaurant-22.jpeg\",\"width\":1833,\"height\":1200},{\"@type\":\"BreadcrumbList\",\"@id\":\"https:\/\/hoteletopark.hu\/de\/gastronomie\/menue\/#breadcrumb\",\"itemListElement\":[{\"@type\":\"ListItem\",\"position\":1,\"name\":\"Home\",\"item\":\"https:\/\/hoteletopark.hu\/de\/\"},{\"@type\":\"ListItem\",\"position\":2,\"name\":\"Gastronomie\",\"item\":\"https:\/\/hoteletopark.hu\/de\/gastronomie\/\"},{\"@type\":\"ListItem\",\"position\":3,\"name\":\"Men\u00fc\"}]},{\"@type\":\"WebSite\",\"@id\":\"https:\/\/hoteletopark.hu\/de\/#website\",\"url\":\"https:\/\/hoteletopark.hu\/de\/\",\"name\":\"Eto Park Hotel\",\"description\":\"Just another ms.decms.eu site\",\"potentialAction\":[{\"@type\":\"SearchAction\",\"target\":{\"@type\":\"EntryPoint\",\"urlTemplate\":\"https:\/\/hoteletopark.hu\/de\/?s={search_term_string}\"},\"query-input\":{\"@type\":\"PropertyValueSpecification\",\"valueRequired\":true,\"valueName\":\"search_term_string\"}}],\"inLanguage\":\"de-DE\"}]}<\/script>\n<!-- \/ Yoast SEO plugin. -->","yoast_head_json":{"title":"Men\u00fc - Eto Park Hotel","description":"Wir m\u00f6chten zu der ungarischen K\u00fcche beitragen so, dass wir die alte Zubereitungsmethoden der Speisen mit moderner K\u00fcchentechnik hervorrufen. Vergessene Zutaten, traditionelle Aromen werden zur\u00fcckgebracht und wir versuchen, diese Speisen gem\u00e4\u00df den Anforderungen der heutigen Zeitalter servieren. Szab\u00f3 \u00c1ron - Hotel Director Major Kriszti\u00e1n - Executive Chef Vojta B\u00e9la - Gastronomischer Manager","robots":{"index":"index","follow":"follow","max-snippet":"max-snippet:-1","max-image-preview":"max-image-preview:large","max-video-preview":"max-video-preview:-1"},"canonical":"https:\/\/hoteletopark.hu\/de\/gastronomie\/menue\/","og_locale":"de_DE","og_type":"article","og_title":"Men\u00fc - Eto Park Hotel","og_description":"Wir m\u00f6chten zu der ungarischen K\u00fcche beitragen so, dass wir die alte Zubereitungsmethoden der Speisen mit moderner K\u00fcchentechnik hervorrufen. Vergessene Zutaten, traditionelle Aromen werden zur\u00fcckgebracht und wir versuchen, diese Speisen gem\u00e4\u00df den Anforderungen der heutigen Zeitalter servieren. Szab\u00f3 \u00c1ron - Hotel Director Major Kriszti\u00e1n - Executive Chef Vojta B\u00e9la - Gastronomischer Manager","og_url":"https:\/\/hoteletopark.hu\/de\/gastronomie\/menue\/","og_site_name":"Eto Park Hotel","article_modified_time":"2025-05-01T09:44:56+00:00","og_image":[{"width":1833,"height":1200,"url":"https:\/\/hoteletopark.hu\/wp-content\/uploads\/sites\/214\/2020\/11\/Narrabo-restaurant-22.jpeg","type":"image\/jpeg"}],"twitter_card":"summary_large_image","twitter_misc":{"Gesch\u00e4tzte Lesezeit":"1 Minute"},"schema":{"@context":"https:\/\/schema.org","@graph":[{"@type":"WebPage","@id":"https:\/\/hoteletopark.hu\/de\/gastronomie\/menue\/","url":"https:\/\/hoteletopark.hu\/de\/gastronomie\/menue\/","name":"Men\u00fc - Eto Park Hotel","isPartOf":{"@id":"https:\/\/hoteletopark.hu\/de\/#website"},"primaryImageOfPage":{"@id":"https:\/\/hoteletopark.hu\/de\/gastronomie\/menue\/#primaryimage"},"image":{"@id":"https:\/\/hoteletopark.hu\/de\/gastronomie\/menue\/#primaryimage"},"thumbnailUrl":"https:\/\/hoteletopark.hu\/wp-content\/uploads\/sites\/214\/2020\/11\/Narrabo-restaurant-22.jpeg","datePublished":"2020-11-27T17:06:36+00:00","dateModified":"2025-05-01T09:44:56+00:00","description":"Wir m\u00f6chten zu der ungarischen K\u00fcche beitragen so, dass wir die alte Zubereitungsmethoden der Speisen mit moderner K\u00fcchentechnik hervorrufen. Vergessene Zutaten, traditionelle Aromen werden zur\u00fcckgebracht und wir versuchen, diese Speisen gem\u00e4\u00df den Anforderungen der heutigen Zeitalter servieren. Szab\u00f3 \u00c1ron - Hotel Director Major Kriszti\u00e1n - Executive Chef Vojta B\u00e9la - Gastronomischer Manager","breadcrumb":{"@id":"https:\/\/hoteletopark.hu\/de\/gastronomie\/menue\/#breadcrumb"},"inLanguage":"de-DE","potentialAction":[{"@type":"ReadAction","target":["https:\/\/hoteletopark.hu\/de\/gastronomie\/menue\/"]}]},{"@type":"ImageObject","inLanguage":"de-DE","@id":"https:\/\/hoteletopark.hu\/de\/gastronomie\/menue\/#primaryimage","url":"https:\/\/hoteletopark.hu\/wp-content\/uploads\/sites\/214\/2020\/11\/Narrabo-restaurant-22.jpeg","contentUrl":"https:\/\/hoteletopark.hu\/wp-content\/uploads\/sites\/214\/2020\/11\/Narrabo-restaurant-22.jpeg","width":1833,"height":1200},{"@type":"BreadcrumbList","@id":"https:\/\/hoteletopark.hu\/de\/gastronomie\/menue\/#breadcrumb","itemListElement":[{"@type":"ListItem","position":1,"name":"Home","item":"https:\/\/hoteletopark.hu\/de\/"},{"@type":"ListItem","position":2,"name":"Gastronomie","item":"https:\/\/hoteletopark.hu\/de\/gastronomie\/"},{"@type":"ListItem","position":3,"name":"Men\u00fc"}]},{"@type":"WebSite","@id":"https:\/\/hoteletopark.hu\/de\/#website","url":"https:\/\/hoteletopark.hu\/de\/","name":"Eto Park Hotel","description":"Just another ms.decms.eu site","potentialAction":[{"@type":"SearchAction","target":{"@type":"EntryPoint","urlTemplate":"https:\/\/hoteletopark.hu\/de\/?s={search_term_string}"},"query-input":{"@type":"PropertyValueSpecification","valueRequired":true,"valueName":"search_term_string"}}],"inLanguage":"de-DE"}]}},"acf":[],"_links":{"self":[{"href":"https:\/\/hoteletopark.hu\/de\/wp-json\/wp\/v2\/pages\/376","targetHints":{"allow":["GET"]}}],"collection":[{"href":"https:\/\/hoteletopark.hu\/de\/wp-json\/wp\/v2\/pages"}],"about":[{"href":"https:\/\/hoteletopark.hu\/de\/wp-json\/wp\/v2\/types\/page"}],"author":[{"embeddable":true,"href":"https:\/\/hoteletopark.hu\/de\/wp-json\/wp\/v2\/users\/4"}],"replies":[{"embeddable":true,"href":"https:\/\/hoteletopark.hu\/de\/wp-json\/wp\/v2\/comments?post=376"}],"version-history":[{"count":0,"href":"https:\/\/hoteletopark.hu\/de\/wp-json\/wp\/v2\/pages\/376\/revisions"}],"up":[{"embeddable":true,"href":"https:\/\/hoteletopark.hu\/de\/wp-json\/wp\/v2\/pages\/364"}],"wp:featuredmedia":[{"embeddable":true,"href":"https:\/\/hoteletopark.hu\/de\/wp-json\/wp\/v2\/media\/72"}],"wp:attachment":[{"href":"https:\/\/hoteletopark.hu\/de\/wp-json\/wp\/v2\/media?parent=376"}],"curies":[{"name":"wp","href":"https:\/\/api.w.org\/{rel}","templated":true}]}}