{"id":375,"date":"2020-11-27T16:27:15","date_gmt":"2020-11-27T16:27:15","guid":{"rendered":"http:\/\/eto-park-hotel.ms.decms.eu\/?page_id=375"},"modified":"2025-05-01T09:44:23","modified_gmt":"2025-05-01T09:44:23","slug":"menu","status":"publish","type":"page","link":"https:\/\/hoteletopark.hu\/en\/gastronomy\/menu\/","title":{"rendered":"Menu"},"content":{"rendered":"<p>Our desire is to contribute to the reformation of Hungarian cuisine by combining old cooking methods with modern kitchen technology, by bringing back forgotten ingredients and traditional flavours, and by trying to serve these in a way that measures up the expectations of our age.<\/p>\n<p style=\"text-align: right\"><em>Szab\u00f3 \u00c1ron &#8211; <\/em><b>Hotel Director<br \/>\n<\/b><em>Major Kriszti\u00e1n &#8211; <\/em><b>Executive Chef<br \/>\n<\/b><em>Vojta B\u00e9la &#8211;<\/em><b> Gastronomic Manager<\/b><\/p>\n","protected":false},"excerpt":{"rendered":"<p>Our desire is to contribute to the reformation of Hungarian cuisine by combining old cooking methods with modern kitchen technology, by bringing back forgotten ingredients and traditional flavours, and by trying to serve these in a way that measures up the expectations of our age. Szab\u00f3 \u00c1ron &#8211; Hotel Director Major Kriszti\u00e1n &#8211; Executive Chef [&hellip;]<\/p>\n","protected":false},"author":4,"featured_media":72,"parent":363,"menu_order":40,"comment_status":"closed","ping_status":"closed","template":"template-default-2.php","meta":{"footnotes":""},"class_list":["post-375","page","type-page","status-publish","has-post-thumbnail","hentry"],"yoast_head":"<!-- This site is optimized with the Yoast SEO plugin v26.9 - https:\/\/yoast.com\/product\/yoast-seo-wordpress\/ -->\n<title>Menu - Eto Park Hotel<\/title>\n<meta name=\"description\" content=\"Our desire is to contribute to the reformation of Hungarian cuisine by combining old cooking methods with modern kitchen technology, by bringing back forgotten ingredients and traditional flavours, and by trying to serve these in a way that measures up the expectations of our age. Szab\u00f3 \u00c1ron - Hotel Director Major Kriszti\u00e1n - Executive Chef Vojta B\u00e9la - Gastronomic Manager.\" \/>\n<meta name=\"robots\" content=\"index, follow, max-snippet:-1, max-image-preview:large, max-video-preview:-1\" \/>\n<link rel=\"canonical\" href=\"https:\/\/hoteletopark.hu\/en\/gastronomy\/menu\/\" \/>\n<meta property=\"og:locale\" content=\"en_US\" \/>\n<meta property=\"og:type\" content=\"article\" \/>\n<meta property=\"og:title\" content=\"Menu - Eto Park Hotel\" \/>\n<meta property=\"og:description\" content=\"Our desire is to contribute to the reformation of Hungarian cuisine by combining old cooking methods with modern kitchen technology, by bringing back forgotten ingredients and traditional flavours, and by trying to serve these in a way that measures up the expectations of our age. Szab\u00f3 \u00c1ron - Hotel Director Major Kriszti\u00e1n - Executive Chef Vojta B\u00e9la - Gastronomic Manager.\" \/>\n<meta property=\"og:url\" content=\"https:\/\/hoteletopark.hu\/en\/gastronomy\/menu\/\" \/>\n<meta property=\"og:site_name\" content=\"Eto Park Hotel\" \/>\n<meta property=\"article:modified_time\" content=\"2025-05-01T09:44:23+00:00\" \/>\n<meta property=\"og:image\" content=\"https:\/\/hoteletopark.hu\/wp-content\/uploads\/sites\/214\/2020\/11\/Narrabo-restaurant-22.jpeg\" \/>\n\t<meta property=\"og:image:width\" content=\"1833\" \/>\n\t<meta property=\"og:image:height\" content=\"1200\" \/>\n\t<meta property=\"og:image:type\" content=\"image\/jpeg\" \/>\n<meta name=\"twitter:card\" content=\"summary_large_image\" \/>\n<meta name=\"twitter:label1\" content=\"Est. reading time\" \/>\n\t<meta name=\"twitter:data1\" content=\"1 minute\" \/>\n<script type=\"application\/ld+json\" class=\"yoast-schema-graph\">{\"@context\":\"https:\/\/schema.org\",\"@graph\":[{\"@type\":\"WebPage\",\"@id\":\"https:\/\/hoteletopark.hu\/en\/gastronomy\/menu\/\",\"url\":\"https:\/\/hoteletopark.hu\/en\/gastronomy\/menu\/\",\"name\":\"Menu - Eto Park Hotel\",\"isPartOf\":{\"@id\":\"https:\/\/hoteletopark.hu\/en\/#website\"},\"primaryImageOfPage\":{\"@id\":\"https:\/\/hoteletopark.hu\/en\/gastronomy\/menu\/#primaryimage\"},\"image\":{\"@id\":\"https:\/\/hoteletopark.hu\/en\/gastronomy\/menu\/#primaryimage\"},\"thumbnailUrl\":\"https:\/\/hoteletopark.hu\/wp-content\/uploads\/sites\/214\/2020\/11\/Narrabo-restaurant-22.jpeg\",\"datePublished\":\"2020-11-27T16:27:15+00:00\",\"dateModified\":\"2025-05-01T09:44:23+00:00\",\"description\":\"Our desire is to contribute to the reformation of Hungarian cuisine by combining old cooking methods with modern kitchen technology, by bringing back forgotten ingredients and traditional flavours, and by trying to serve these in a way that measures up the expectations of our age. Szab\u00f3 \u00c1ron - Hotel Director Major Kriszti\u00e1n - Executive Chef Vojta B\u00e9la - Gastronomic Manager .\",\"breadcrumb\":{\"@id\":\"https:\/\/hoteletopark.hu\/en\/gastronomy\/menu\/#breadcrumb\"},\"inLanguage\":\"en-US\",\"potentialAction\":[{\"@type\":\"ReadAction\",\"target\":[\"https:\/\/hoteletopark.hu\/en\/gastronomy\/menu\/\"]}]},{\"@type\":\"ImageObject\",\"inLanguage\":\"en-US\",\"@id\":\"https:\/\/hoteletopark.hu\/en\/gastronomy\/menu\/#primaryimage\",\"url\":\"https:\/\/hoteletopark.hu\/wp-content\/uploads\/sites\/214\/2020\/11\/Narrabo-restaurant-22.jpeg\",\"contentUrl\":\"https:\/\/hoteletopark.hu\/wp-content\/uploads\/sites\/214\/2020\/11\/Narrabo-restaurant-22.jpeg\",\"width\":1833,\"height\":1200},{\"@type\":\"BreadcrumbList\",\"@id\":\"https:\/\/hoteletopark.hu\/en\/gastronomy\/menu\/#breadcrumb\",\"itemListElement\":[{\"@type\":\"ListItem\",\"position\":1,\"name\":\"Home\",\"item\":\"https:\/\/hoteletopark.hu\/en\/\"},{\"@type\":\"ListItem\",\"position\":2,\"name\":\"Gastronomy\",\"item\":\"https:\/\/hoteletopark.hu\/en\/gastronomy\/\"},{\"@type\":\"ListItem\",\"position\":3,\"name\":\"Menu\"}]},{\"@type\":\"WebSite\",\"@id\":\"https:\/\/hoteletopark.hu\/en\/#website\",\"url\":\"https:\/\/hoteletopark.hu\/en\/\",\"name\":\"Eto Park Hotel\",\"description\":\"Just another ms.decms.eu site\",\"potentialAction\":[{\"@type\":\"SearchAction\",\"target\":{\"@type\":\"EntryPoint\",\"urlTemplate\":\"https:\/\/hoteletopark.hu\/en\/?s={search_term_string}\"},\"query-input\":{\"@type\":\"PropertyValueSpecification\",\"valueRequired\":true,\"valueName\":\"search_term_string\"}}],\"inLanguage\":\"en-US\"}]}<\/script>\n<!-- \/ Yoast SEO plugin. -->","yoast_head_json":{"title":"Menu - Eto Park Hotel","description":"Our desire is to contribute to the reformation of Hungarian cuisine by combining old cooking methods with modern kitchen technology, by bringing back forgotten ingredients and traditional flavours, and by trying to serve these in a way that measures up the expectations of our age. Szab\u00f3 \u00c1ron - Hotel Director Major Kriszti\u00e1n - Executive Chef Vojta B\u00e9la - Gastronomic Manager.","robots":{"index":"index","follow":"follow","max-snippet":"max-snippet:-1","max-image-preview":"max-image-preview:large","max-video-preview":"max-video-preview:-1"},"canonical":"https:\/\/hoteletopark.hu\/en\/gastronomy\/menu\/","og_locale":"en_US","og_type":"article","og_title":"Menu - Eto Park Hotel","og_description":"Our desire is to contribute to the reformation of Hungarian cuisine by combining old cooking methods with modern kitchen technology, by bringing back forgotten ingredients and traditional flavours, and by trying to serve these in a way that measures up the expectations of our age. Szab\u00f3 \u00c1ron - Hotel Director Major Kriszti\u00e1n - Executive Chef Vojta B\u00e9la - Gastronomic Manager.","og_url":"https:\/\/hoteletopark.hu\/en\/gastronomy\/menu\/","og_site_name":"Eto Park Hotel","article_modified_time":"2025-05-01T09:44:23+00:00","og_image":[{"width":1833,"height":1200,"url":"https:\/\/hoteletopark.hu\/wp-content\/uploads\/sites\/214\/2020\/11\/Narrabo-restaurant-22.jpeg","type":"image\/jpeg"}],"twitter_card":"summary_large_image","twitter_misc":{"Est. reading time":"1 minute"},"schema":{"@context":"https:\/\/schema.org","@graph":[{"@type":"WebPage","@id":"https:\/\/hoteletopark.hu\/en\/gastronomy\/menu\/","url":"https:\/\/hoteletopark.hu\/en\/gastronomy\/menu\/","name":"Menu - Eto Park Hotel","isPartOf":{"@id":"https:\/\/hoteletopark.hu\/en\/#website"},"primaryImageOfPage":{"@id":"https:\/\/hoteletopark.hu\/en\/gastronomy\/menu\/#primaryimage"},"image":{"@id":"https:\/\/hoteletopark.hu\/en\/gastronomy\/menu\/#primaryimage"},"thumbnailUrl":"https:\/\/hoteletopark.hu\/wp-content\/uploads\/sites\/214\/2020\/11\/Narrabo-restaurant-22.jpeg","datePublished":"2020-11-27T16:27:15+00:00","dateModified":"2025-05-01T09:44:23+00:00","description":"Our desire is to contribute to the reformation of Hungarian cuisine by combining old cooking methods with modern kitchen technology, by bringing back forgotten ingredients and traditional flavours, and by trying to serve these in a way that measures up the expectations of our age. Szab\u00f3 \u00c1ron - Hotel Director Major Kriszti\u00e1n - Executive Chef Vojta B\u00e9la - Gastronomic Manager .","breadcrumb":{"@id":"https:\/\/hoteletopark.hu\/en\/gastronomy\/menu\/#breadcrumb"},"inLanguage":"en-US","potentialAction":[{"@type":"ReadAction","target":["https:\/\/hoteletopark.hu\/en\/gastronomy\/menu\/"]}]},{"@type":"ImageObject","inLanguage":"en-US","@id":"https:\/\/hoteletopark.hu\/en\/gastronomy\/menu\/#primaryimage","url":"https:\/\/hoteletopark.hu\/wp-content\/uploads\/sites\/214\/2020\/11\/Narrabo-restaurant-22.jpeg","contentUrl":"https:\/\/hoteletopark.hu\/wp-content\/uploads\/sites\/214\/2020\/11\/Narrabo-restaurant-22.jpeg","width":1833,"height":1200},{"@type":"BreadcrumbList","@id":"https:\/\/hoteletopark.hu\/en\/gastronomy\/menu\/#breadcrumb","itemListElement":[{"@type":"ListItem","position":1,"name":"Home","item":"https:\/\/hoteletopark.hu\/en\/"},{"@type":"ListItem","position":2,"name":"Gastronomy","item":"https:\/\/hoteletopark.hu\/en\/gastronomy\/"},{"@type":"ListItem","position":3,"name":"Menu"}]},{"@type":"WebSite","@id":"https:\/\/hoteletopark.hu\/en\/#website","url":"https:\/\/hoteletopark.hu\/en\/","name":"Eto Park Hotel","description":"Just another ms.decms.eu site","potentialAction":[{"@type":"SearchAction","target":{"@type":"EntryPoint","urlTemplate":"https:\/\/hoteletopark.hu\/en\/?s={search_term_string}"},"query-input":{"@type":"PropertyValueSpecification","valueRequired":true,"valueName":"search_term_string"}}],"inLanguage":"en-US"}]}},"acf":[],"_links":{"self":[{"href":"https:\/\/hoteletopark.hu\/en\/wp-json\/wp\/v2\/pages\/375","targetHints":{"allow":["GET"]}}],"collection":[{"href":"https:\/\/hoteletopark.hu\/en\/wp-json\/wp\/v2\/pages"}],"about":[{"href":"https:\/\/hoteletopark.hu\/en\/wp-json\/wp\/v2\/types\/page"}],"author":[{"embeddable":true,"href":"https:\/\/hoteletopark.hu\/en\/wp-json\/wp\/v2\/users\/4"}],"replies":[{"embeddable":true,"href":"https:\/\/hoteletopark.hu\/en\/wp-json\/wp\/v2\/comments?post=375"}],"version-history":[{"count":0,"href":"https:\/\/hoteletopark.hu\/en\/wp-json\/wp\/v2\/pages\/375\/revisions"}],"up":[{"embeddable":true,"href":"https:\/\/hoteletopark.hu\/en\/wp-json\/wp\/v2\/pages\/363"}],"wp:featuredmedia":[{"embeddable":true,"href":"https:\/\/hoteletopark.hu\/en\/wp-json\/wp\/v2\/media\/72"}],"wp:attachment":[{"href":"https:\/\/hoteletopark.hu\/en\/wp-json\/wp\/v2\/media?parent=375"}],"curies":[{"name":"wp","href":"https:\/\/api.w.org\/{rel}","templated":true}]}}