{"id":425,"date":"2020-12-02T15:45:48","date_gmt":"2020-12-02T15:45:48","guid":{"rendered":"http:\/\/eto-park-hotel.ms.decms.eu\/?page_id=425"},"modified":"2021-03-12T14:37:24","modified_gmt":"2021-03-12T14:37:24","slug":"information-notice-on-the-use-of-electronic-surveillance-system","status":"publish","type":"page","link":"https:\/\/hoteletopark.hu\/en\/information-notice-on-the-use-of-electronic-surveillance-system\/","title":{"rendered":"Information Notice on the Use of Electronic Surveillance System"},"content":{"rendered":"<p><strong>Dear Guest,<\/strong><\/p>\n<p><strong>we hereby inform you that ETO HOTEL Kft. (registered seat: 9027 Gy\u0151r, Nagys\u00e1ndor J\u00f3zsef u. 31., tax identification number:27947683-2-08 ) &#8211; operates an electronic surveillance system (surveillance camera system) in the \u201cETO Park Hotel**** Business &amp; Stadium\u201d hotel located at 9027 Gy\u0151r, Nagys\u00e1ndor J\u00f3zsef u. 31. The electronic surveillance systems of the hotel are operated by the employees of ETO HOTEL Kft.<\/strong><\/p>\n<p>We hereby inform you that video and audio recording and the use and keeping thereof are governed by provisions of Act CXXXIII of 2005 on Rules of Personal and Property Protection Activities and Private Investigation (Private Security Services Act) and the provisions of Act CXII of 2011 on Informational Self-Determination and Freedom of Information (Privacy Act). The electronic surveillance system is operated on the basis of explicit consent under Section 30(2) of the Private Security Services Act and according to the following specifications in order to protect human life, physical safety and property and to prevent, detect any infringement and accidents and to catch the perpetrator in the act and with a view to provide evidence for the infringements. We call your kind attention to the fact that it is considered as an expressed consent to data management if you enter a room under video surveillance in the knowledge of this information notice.<\/p>\n<p><b>Scope of data managed:<\/b>\u00a0facial image and voice of guests on the video and audio records and other personal data.<\/p>\n<p><b>Data management registration number of ETO HOTEL Kft:<br \/>\nNAIH-87959\/2015.<\/b><\/p>\n<p>The electronic surveillance system is in operation for 24 hours on every days of the week and the recordings are stored on the server for 3 working days.<br \/>\nWith a view to store personal data in a safe way, protection of data stored on the system is secured with personal user names and passwords, with the help of which it can be determined which authorised person accessed the data and when.<\/p>\n<p>Persons authorised to see the actual recordings of the cameras are the employees holding such authorisation. It is the director and operations manager of the hotel or, in the event of being prevented, the actual manager on duty of the hotel who are authorised to see the camera recordings.<\/p>\n<p>Recordings stored by the camera surveillance and recording system operated by ETO HOTEL Kft. may be inspected by persons authorised to do so only in order to obtain evidence of an infringement of human life, physical safety and property and to identify the perpetrator and to detect other events and accidents concerning life and physical safety.<\/p>\n<p>ETO HOTEL Kft. records a protocol about the inspection of the recordings, the name of the person doing that, the reason and time of obtaining these data.<\/p>\n<p>Transmission of data is possible only in case of a procedure in process concerning unlawful conduct or failure to fulfill obligations and for the competent authorities and court. The scope of data handed over may contain recordings made by the camera system and having relevant information and the names of persons who can be seen or heard on the recordings.<\/p>\n<p>We inform you that people whose rights or lawful interests are affected by the video and audio recordings may request a copy of the recordings made of them with the electronic surveillance system and may also request the deletion of the recordings in accordance with the relevant legal provisions. In addition, anybody whose rights or lawful interests are affected by the video and audio recordings may request within 3 working days calculated from the creation of the video and audio recording and by proving the existence of his\/her right or lawful interest that ETO HOTEL Kft. does not destroy or delete the data.<\/p>\n<p>We further inform you that you may request information about the management of your personal data from ETO HOTEL Kft. Kft. at any time. Pursuant to the applicable legal provisions, you may also request to correct or lock your personal data. You may also protest against the management of your personal data.<\/p>\n<p>We also inform you that in case of any infringement of your rights you may, pursuant to the provisions of the relevant legislation, turn to court and by filing a notification to the National Authority for Data Protection and Freedom of Information anybody may institute an inspection on the grounds that the management of personal data resulted in an infringement or there is an immediate threat thereof.<\/p>\n<p><b>Spaces under camera surveillance:<\/b><\/p>\n<p>I. First group of cameras<\/p>\n<p>Cameras covering the parking area and outer entrances of the hotel, with the aim of providing property protection for cars left in the parking area.<\/p>\n<p>Location of cameras installed<br \/>\nSurveillance area<\/p>\n<p><b>Parking area<\/b><br \/>\nHotel entrance 1<br \/>\nHotel entrance 2<br \/>\nHotel parking area, East<br \/>\nHotel parking area, West<br \/>\nHotel entrance hall<\/p>\n<p>II. Second group of cameras<\/p>\n<p>Surveillance cameras monitoring inside and outside entrances and spaces open to guests in the hotel. The primary aim of the surveillance is to provide property protection for the assets, equipment, inventories of the hotel and for the property of the hotel\u2019s guests which they bring to the hotel, having regard to which it is particularly justified to monitor the entrances, reception area and common spaces of the hotel. Another aim of the surveillance is to prevent accidents happening in the common spaces of the hotel and to detect their circumstances.<br \/>\nCameras are directed to the following spaces:<\/p>\n<p>Location of cameras installed<br \/>\nSurveillance area<\/p>\n<p><b>Ground floor<\/b><br \/>\nHotel reception 1<br \/>\nHotel reception 2<br \/>\nHotel bar 1<br \/>\nHotel bar 2<\/p>\n<p><b>1st floor Hotel 1st floor, lift lobby<\/b><br \/>\nHotel 1st floor, West<\/p>\n<p><b>2nd floor Hotel 2nd floor, lift lobby<\/b><br \/>\nHotel 2nd floor, West<br \/>\nHotel 2nd floor, East<br \/>\nHotel 2nd floor, wellness<br \/>\nHotel 2nd floor, fitness<\/p>\n<p>Location of cameras installed<br \/>\nSurveillance area<\/p>\n<p><b>3rd floor<\/b><br \/>\nHotel 3rd floor, East<br \/>\nHotel 3rd floor, Middle<br \/>\nHotel 3rd floor, West<\/p>\n<p><b>4th floor<\/b><br \/>\nHotel 4th floor, East<br \/>\nHotel 4th floor, Middle<br \/>\nHotel 4th floor, West<\/p>\n<p><b>5th floor<\/b><br \/>\nHotel 5th floor, East<br \/>\nHotel 5th floor, Middle<br \/>\nHotel 5th floor, West<\/p>\n","protected":false},"excerpt":{"rendered":"<p>Dear Guest, we hereby inform you that ETO HOTEL Kft. (registered seat: 9027 Gy\u0151r, Nagys\u00e1ndor J\u00f3zsef u. 31., tax identification number:27947683-2-08 ) &#8211; operates an electronic surveillance system (surveillance camera system) in the \u201cETO Park Hotel**** Business &amp; Stadium\u201d hotel located at 9027 Gy\u0151r, Nagys\u00e1ndor J\u00f3zsef u. 31. The electronic surveillance systems of the hotel [&hellip;]<\/p>\n","protected":false},"author":4,"featured_media":0,"parent":0,"menu_order":140,"comment_status":"closed","ping_status":"closed","template":"template-default-4.php","meta":{"footnotes":""},"class_list":["post-425","page","type-page","status-publish","hentry"],"yoast_head":"<!-- This site is optimized with the Yoast SEO plugin v26.9 - https:\/\/yoast.com\/product\/yoast-seo-wordpress\/ -->\n<title>Information Notice on the Use of Electronic Surveillance System - Eto Park Hotel<\/title>\n<meta name=\"description\" content=\"Dear Guest,  we hereby inform you that ETO HOTEL Kft. (registered seat: 9027 Gy\u0151r, Nagys\u00e1ndor J\u00f3zsef u\" \/>\n<meta name=\"robots\" content=\"index, follow, max-snippet:-1, max-image-preview:large, max-video-preview:-1\" \/>\n<link rel=\"canonical\" href=\"https:\/\/hoteletopark.hu\/en\/information-notice-on-the-use-of-electronic-surveillance-system\/\" \/>\n<meta property=\"og:locale\" content=\"en_US\" \/>\n<meta property=\"og:type\" content=\"article\" \/>\n<meta property=\"og:title\" content=\"Information Notice on the Use of Electronic Surveillance System - Eto Park Hotel\" \/>\n<meta property=\"og:description\" content=\"Dear Guest,  we hereby inform you that ETO HOTEL Kft. (registered seat: 9027 Gy\u0151r, Nagys\u00e1ndor J\u00f3zsef u\" \/>\n<meta property=\"og:url\" content=\"https:\/\/hoteletopark.hu\/en\/information-notice-on-the-use-of-electronic-surveillance-system\/\" \/>\n<meta property=\"og:site_name\" content=\"Eto Park Hotel\" \/>\n<meta property=\"article:modified_time\" content=\"2021-03-12T14:37:24+00:00\" \/>\n<meta name=\"twitter:card\" content=\"summary_large_image\" \/>\n<meta name=\"twitter:label1\" content=\"Est. reading time\" \/>\n\t<meta name=\"twitter:data1\" content=\"5 minutes\" \/>\n<script type=\"application\/ld+json\" class=\"yoast-schema-graph\">{\"@context\":\"https:\/\/schema.org\",\"@graph\":[{\"@type\":\"WebPage\",\"@id\":\"https:\/\/hoteletopark.hu\/en\/information-notice-on-the-use-of-electronic-surveillance-system\/\",\"url\":\"https:\/\/hoteletopark.hu\/en\/information-notice-on-the-use-of-electronic-surveillance-system\/\",\"name\":\"Information Notice on the Use of Electronic Surveillance System - Eto Park Hotel\",\"isPartOf\":{\"@id\":\"https:\/\/hoteletopark.hu\/en\/#website\"},\"datePublished\":\"2020-12-02T15:45:48+00:00\",\"dateModified\":\"2021-03-12T14:37:24+00:00\",\"description\":\"Dear Guest, we hereby inform you that ETO HOTEL Kft. (registered seat: 9027 Gy\u0151r, Nagys\u00e1ndor J\u00f3zsef u\",\"breadcrumb\":{\"@id\":\"https:\/\/hoteletopark.hu\/en\/information-notice-on-the-use-of-electronic-surveillance-system\/#breadcrumb\"},\"inLanguage\":\"en-US\",\"potentialAction\":[{\"@type\":\"ReadAction\",\"target\":[\"https:\/\/hoteletopark.hu\/en\/information-notice-on-the-use-of-electronic-surveillance-system\/\"]}]},{\"@type\":\"BreadcrumbList\",\"@id\":\"https:\/\/hoteletopark.hu\/en\/information-notice-on-the-use-of-electronic-surveillance-system\/#breadcrumb\",\"itemListElement\":[{\"@type\":\"ListItem\",\"position\":1,\"name\":\"Home\",\"item\":\"https:\/\/hoteletopark.hu\/en\/\"},{\"@type\":\"ListItem\",\"position\":2,\"name\":\"Information Notice on the Use of Electronic Surveillance System\"}]},{\"@type\":\"WebSite\",\"@id\":\"https:\/\/hoteletopark.hu\/en\/#website\",\"url\":\"https:\/\/hoteletopark.hu\/en\/\",\"name\":\"Eto Park Hotel\",\"description\":\"Just another ms.decms.eu site\",\"potentialAction\":[{\"@type\":\"SearchAction\",\"target\":{\"@type\":\"EntryPoint\",\"urlTemplate\":\"https:\/\/hoteletopark.hu\/en\/?s={search_term_string}\"},\"query-input\":{\"@type\":\"PropertyValueSpecification\",\"valueRequired\":true,\"valueName\":\"search_term_string\"}}],\"inLanguage\":\"en-US\"}]}<\/script>\n<!-- \/ Yoast SEO plugin. -->","yoast_head_json":{"title":"Information Notice on the Use of Electronic Surveillance System - Eto Park Hotel","description":"Dear Guest,  we hereby inform you that ETO HOTEL Kft. (registered seat: 9027 Gy\u0151r, Nagys\u00e1ndor J\u00f3zsef u","robots":{"index":"index","follow":"follow","max-snippet":"max-snippet:-1","max-image-preview":"max-image-preview:large","max-video-preview":"max-video-preview:-1"},"canonical":"https:\/\/hoteletopark.hu\/en\/information-notice-on-the-use-of-electronic-surveillance-system\/","og_locale":"en_US","og_type":"article","og_title":"Information Notice on the Use of Electronic Surveillance System - Eto Park Hotel","og_description":"Dear Guest,  we hereby inform you that ETO HOTEL Kft. (registered seat: 9027 Gy\u0151r, Nagys\u00e1ndor J\u00f3zsef u","og_url":"https:\/\/hoteletopark.hu\/en\/information-notice-on-the-use-of-electronic-surveillance-system\/","og_site_name":"Eto Park Hotel","article_modified_time":"2021-03-12T14:37:24+00:00","twitter_card":"summary_large_image","twitter_misc":{"Est. reading time":"5 minutes"},"schema":{"@context":"https:\/\/schema.org","@graph":[{"@type":"WebPage","@id":"https:\/\/hoteletopark.hu\/en\/information-notice-on-the-use-of-electronic-surveillance-system\/","url":"https:\/\/hoteletopark.hu\/en\/information-notice-on-the-use-of-electronic-surveillance-system\/","name":"Information Notice on the Use of Electronic Surveillance System - Eto Park Hotel","isPartOf":{"@id":"https:\/\/hoteletopark.hu\/en\/#website"},"datePublished":"2020-12-02T15:45:48+00:00","dateModified":"2021-03-12T14:37:24+00:00","description":"Dear Guest, we hereby inform you that ETO HOTEL Kft. (registered seat: 9027 Gy\u0151r, Nagys\u00e1ndor J\u00f3zsef u","breadcrumb":{"@id":"https:\/\/hoteletopark.hu\/en\/information-notice-on-the-use-of-electronic-surveillance-system\/#breadcrumb"},"inLanguage":"en-US","potentialAction":[{"@type":"ReadAction","target":["https:\/\/hoteletopark.hu\/en\/information-notice-on-the-use-of-electronic-surveillance-system\/"]}]},{"@type":"BreadcrumbList","@id":"https:\/\/hoteletopark.hu\/en\/information-notice-on-the-use-of-electronic-surveillance-system\/#breadcrumb","itemListElement":[{"@type":"ListItem","position":1,"name":"Home","item":"https:\/\/hoteletopark.hu\/en\/"},{"@type":"ListItem","position":2,"name":"Information Notice on the Use of Electronic Surveillance System"}]},{"@type":"WebSite","@id":"https:\/\/hoteletopark.hu\/en\/#website","url":"https:\/\/hoteletopark.hu\/en\/","name":"Eto Park Hotel","description":"Just another ms.decms.eu site","potentialAction":[{"@type":"SearchAction","target":{"@type":"EntryPoint","urlTemplate":"https:\/\/hoteletopark.hu\/en\/?s={search_term_string}"},"query-input":{"@type":"PropertyValueSpecification","valueRequired":true,"valueName":"search_term_string"}}],"inLanguage":"en-US"}]}},"acf":[],"_links":{"self":[{"href":"https:\/\/hoteletopark.hu\/en\/wp-json\/wp\/v2\/pages\/425","targetHints":{"allow":["GET"]}}],"collection":[{"href":"https:\/\/hoteletopark.hu\/en\/wp-json\/wp\/v2\/pages"}],"about":[{"href":"https:\/\/hoteletopark.hu\/en\/wp-json\/wp\/v2\/types\/page"}],"author":[{"embeddable":true,"href":"https:\/\/hoteletopark.hu\/en\/wp-json\/wp\/v2\/users\/4"}],"replies":[{"embeddable":true,"href":"https:\/\/hoteletopark.hu\/en\/wp-json\/wp\/v2\/comments?post=425"}],"version-history":[{"count":0,"href":"https:\/\/hoteletopark.hu\/en\/wp-json\/wp\/v2\/pages\/425\/revisions"}],"wp:attachment":[{"href":"https:\/\/hoteletopark.hu\/en\/wp-json\/wp\/v2\/media?parent=425"}],"curies":[{"name":"wp","href":"https:\/\/api.w.org\/{rel}","templated":true}]}}